{"id":785,"date":"2022-06-02T10:17:39","date_gmt":"2022-06-02T15:17:39","guid":{"rendered":"https:\/\/www.tds.com.ec\/?page_id=785"},"modified":"2025-09-03T10:35:00","modified_gmt":"2025-09-03T15:35:00","slug":"sgc","status":"publish","type":"page","link":"https:\/\/www.tds.com.ec\/index.php\/sgc\/","title":{"rendered":"Sistema de gesti\u00f3n de la calidad"},"content":{"rendered":"\t\t<div data-elementor-type=\"wp-page\" data-elementor-id=\"785\" class=\"elementor elementor-785\">\n\t\t\t\t\t\t<section class=\"elementor-section elementor-top-section elementor-element elementor-element-5b09812 elementor-section-boxed elementor-section-height-default elementor-section-height-default\" data-id=\"5b09812\" data-element_type=\"section\" data-e-type=\"section\" data-settings=\"{&quot;background_background&quot;:&quot;classic&quot;}\">\n\t\t\t\t\t\t\t<div class=\"elementor-background-overlay\"><\/div>\n\t\t\t\t\t\t\t<div class=\"elementor-container elementor-column-gap-default\">\n\t\t\t\t\t<div class=\"elementor-column elementor-col-100 elementor-top-column elementor-element elementor-element-64587abd\" data-id=\"64587abd\" data-element_type=\"column\" data-e-type=\"column\">\n\t\t\t<div class=\"elementor-widget-wrap elementor-element-populated\">\n\t\t\t\t\t\t<div class=\"elementor-element elementor-element-b0fb49b elementor-widget-divider--view-line elementor-widget elementor-widget-divider\" data-id=\"b0fb49b\" data-element_type=\"widget\" data-e-type=\"widget\" data-widget_type=\"divider.default\">\n\t\t\t\t<div class=\"elementor-widget-container\">\n\t\t\t\t\t\t\t<div class=\"elementor-divider\">\n\t\t\t<span class=\"elementor-divider-separator\">\n\t\t\t\t\t\t<\/span>\n\t\t<\/div>\n\t\t\t\t\t\t<\/div>\n\t\t\t\t<\/div>\n\t\t\t\t<div class=\"elementor-element elementor-element-5c8eeaf5 elementor-widget elementor-widget-heading\" data-id=\"5c8eeaf5\" data-element_type=\"widget\" data-e-type=\"widget\" data-widget_type=\"heading.default\">\n\t\t\t\t<div class=\"elementor-widget-container\">\n\t\t\t\t\t<h1 class=\"elementor-heading-title elementor-size-default\">SISTEMA DE GESTION DE CALIDAD<\/h1>\t\t\t\t<\/div>\n\t\t\t\t<\/div>\n\t\t\t\t<div class=\"elementor-element elementor-element-73bda8f elementor-widget elementor-widget-button\" data-id=\"73bda8f\" data-element_type=\"widget\" data-e-type=\"widget\" data-widget_type=\"button.default\">\n\t\t\t\t<div class=\"elementor-widget-container\">\n\t\t\t\t\t\t\t\t\t<div class=\"elementor-button-wrapper\">\n\t\t\t\t\t<a class=\"elementor-button elementor-button-link elementor-size-sm\" href=\"https:\/\/www.tds.com.ec\/index.php\/evaluacion-de-entrega-de-equipos-y-servicios\/\">\n\t\t\t\t\t\t<span class=\"elementor-button-content-wrapper\">\n\t\t\t\t\t\t\t\t\t<span class=\"elementor-button-text\">EVALUACI\u00d3N DE ENTREGA DE EQUIPOS Y SERVICIOS<\/span>\n\t\t\t\t\t<\/span>\n\t\t\t\t\t<\/a>\n\t\t\t\t<\/div>\n\t\t\t\t\t\t\t\t<\/div>\n\t\t\t\t<\/div>\n\t\t\t\t\t<\/div>\n\t\t<\/div>\n\t\t\t\t\t<\/div>\n\t\t<\/section>\n\t\t\t\t<section class=\"elementor-section elementor-top-section elementor-element elementor-element-3f02557 elementor-section-boxed elementor-section-height-default elementor-section-height-default\" data-id=\"3f02557\" data-element_type=\"section\" data-e-type=\"section\" data-settings=\"{&quot;background_background&quot;:&quot;classic&quot;}\">\n\t\t\t\t\t\t<div class=\"elementor-container elementor-column-gap-extended\">\n\t\t\t\t\t<div class=\"elementor-column elementor-col-100 elementor-top-column elementor-element elementor-element-7694e66d\" data-id=\"7694e66d\" data-element_type=\"column\" data-e-type=\"column\" data-settings=\"{&quot;background_background&quot;:&quot;classic&quot;}\">\n\t\t\t<div class=\"elementor-widget-wrap elementor-element-populated\">\n\t\t\t\t\t\t<section class=\"elementor-section elementor-inner-section elementor-element elementor-element-5c9df2c6 elementor-section-boxed elementor-section-height-default elementor-section-height-default\" data-id=\"5c9df2c6\" data-element_type=\"section\" data-e-type=\"section\">\n\t\t\t\t\t\t<div class=\"elementor-container elementor-column-gap-default\">\n\t\t\t\t\t<div class=\"elementor-column elementor-col-50 elementor-inner-column elementor-element elementor-element-281ff935\" data-id=\"281ff935\" data-element_type=\"column\" data-e-type=\"column\">\n\t\t\t<div class=\"elementor-widget-wrap elementor-element-populated\">\n\t\t\t\t\t\t<div class=\"elementor-element elementor-element-2eacf3f8 elementor-absolute elementor-widget elementor-widget-image\" data-id=\"2eacf3f8\" data-element_type=\"widget\" data-e-type=\"widget\" data-settings=\"{&quot;_position&quot;:&quot;absolute&quot;}\" data-widget_type=\"image.default\">\n\t\t\t\t<div class=\"elementor-widget-container\">\n\t\t\t\t\t\t\t\t\t\t\t\t<figure class=\"wp-caption\">\n\t\t\t\t\t\t\t\t\t\t\t<a href=\"https:\/\/www.tds.com.ec\/index.php\/certificado-iso-9001-2015\/\" target=\"_blank\">\n\t\t\t\t\t\t\t<img fetchpriority=\"high\" decoding=\"async\" width=\"340\" height=\"540\" src=\"https:\/\/www.tds.com.ec\/wp-content\/uploads\/2025\/09\/Logo-LCSG-53_TEARDOWN_ISO-9001.jpg\" class=\"attachment-medium_large size-medium_large wp-image-1752\" alt=\"\" srcset=\"https:\/\/www.tds.com.ec\/wp-content\/uploads\/2025\/09\/Logo-LCSG-53_TEARDOWN_ISO-9001.jpg 340w, https:\/\/www.tds.com.ec\/wp-content\/uploads\/2025\/09\/Logo-LCSG-53_TEARDOWN_ISO-9001-189x300.jpg 189w\" sizes=\"100vw\" \/>\t\t\t\t\t\t\t\t<\/a>\n\t\t\t\t\t\t\t\t\t\t\t<figcaption class=\"widget-image-caption wp-caption-text\"><\/figcaption>\n\t\t\t\t\t\t\t\t\t\t<\/figure>\n\t\t\t\t\t\t\t\t\t<\/div>\n\t\t\t\t<\/div>\n\t\t\t\t\t<\/div>\n\t\t<\/div>\n\t\t\t\t<div class=\"elementor-column elementor-col-50 elementor-inner-column elementor-element elementor-element-8465ad8\" data-id=\"8465ad8\" data-element_type=\"column\" data-e-type=\"column\">\n\t\t\t<div class=\"elementor-widget-wrap elementor-element-populated\">\n\t\t\t\t\t\t<div class=\"elementor-element elementor-element-547448a1 elementor-widget elementor-widget-heading\" data-id=\"547448a1\" data-element_type=\"widget\" data-e-type=\"widget\" data-widget_type=\"heading.default\">\n\t\t\t\t<div class=\"elementor-widget-container\">\n\t\t\t\t\t<h2 class=\"elementor-heading-title elementor-size-default\">Certificaci\u00f3n ISO 9001 - 2015<\/h2>\t\t\t\t<\/div>\n\t\t\t\t<\/div>\n\t\t\t\t<div class=\"elementor-element elementor-element-294c2d4 elementor-widget elementor-widget-text-editor\" data-id=\"294c2d4\" data-element_type=\"widget\" data-e-type=\"widget\" data-widget_type=\"text-editor.default\">\n\t\t\t\t<div class=\"elementor-widget-container\">\n\t\t\t\t\t\t\t\t\t<p style=\"text-align: center;\"><strong><em>POLITICA DE LA CALIDAD<\/em><\/strong><\/p><p><strong><em>Teardown\u00a0Solutions\u00a0<\/em><\/strong><em>desarrolla productos y soluciones para la producci\u00f3n Petrolera, con est\u00e1ndares de ingenier\u00eda, buscando extender la vida \u00fatil de los equipos de completaci\u00f3n, para la producci\u00f3n\u00a0de petr\u00f3leo y gas, buscando el cumplimiento de los requisitos del cliente y aplicables, mejorando permanentemente su SGC.<\/em>\u00a0<\/p><p style=\"text-align: center;\"><em><strong>NUESTROS OBJETIVOS<\/strong><\/em><\/p><p>Responder a los clientes con alternativas de soluci\u00f3n a sus requerimientos con productos patentados y probados, entregando una respuesta hasta en 10 d\u00edas h\u00e1biles a cada requisici\u00f3n.<\/p><p>Controlar permanentemente a los proveedores cr\u00edticos calific\u00e1ndolos anualmente, para poder garantizar la fabricaci\u00f3n de sus productos bajo las normas internacionales.<\/p><p>Disminuir las no conformidades con los clientes, con devoluciones a sus proveedores en menos del 5% de los equipos en un a\u00f1o.<\/p><p>Desarrollar dise\u00f1os de acuerdo con las necesidades de los clientes, controlando\u00a0los productos fabricados, para\u00a0garantizar\u00a0su\u00a0calidad\u00a0con niveles de satisfacci\u00f3n del cliente sobre el 90%.<\/p>\t\t\t\t\t\t\t\t<\/div>\n\t\t\t\t<\/div>\n\t\t\t\t\t<\/div>\n\t\t<\/div>\n\t\t\t\t\t<\/div>\n\t\t<\/section>\n\t\t\t\t<section class=\"elementor-section elementor-inner-section elementor-element elementor-element-4fae280a elementor-section-boxed elementor-section-height-default elementor-section-height-default\" data-id=\"4fae280a\" data-element_type=\"section\" data-e-type=\"section\">\n\t\t\t\t\t\t<div class=\"elementor-container elementor-column-gap-default\">\n\t\t\t\t\t<div class=\"elementor-column elementor-col-50 elementor-inner-column elementor-element elementor-element-26552762\" data-id=\"26552762\" data-element_type=\"column\" data-e-type=\"column\">\n\t\t\t<div class=\"elementor-widget-wrap elementor-element-populated\">\n\t\t\t\t\t\t<div class=\"elementor-element elementor-element-715d4e84 elementor-widget elementor-widget-image\" data-id=\"715d4e84\" data-element_type=\"widget\" data-e-type=\"widget\" data-widget_type=\"image.default\">\n\t\t\t\t<div class=\"elementor-widget-container\">\n\t\t\t\t\t\t\t\t\t\t\t\t\t\t\t<img decoding=\"async\" width=\"150\" height=\"150\" src=\"https:\/\/www.tds.com.ec\/wp-content\/uploads\/2025\/09\/Imagen-de-WhatsApp-2025-09-01-a-las-15.39.16_65e9c0a8-150x150.jpg\" class=\"attachment-thumbnail size-thumbnail wp-image-1760\" alt=\"\" srcset=\"https:\/\/www.tds.com.ec\/wp-content\/uploads\/2025\/09\/Imagen-de-WhatsApp-2025-09-01-a-las-15.39.16_65e9c0a8-150x150.jpg 150w, https:\/\/www.tds.com.ec\/wp-content\/uploads\/2025\/09\/Imagen-de-WhatsApp-2025-09-01-a-las-15.39.16_65e9c0a8-100x100.jpg 100w\" sizes=\"100vw\" \/>\t\t\t\t\t\t\t\t\t\t\t\t\t\t\t<\/div>\n\t\t\t\t<\/div>\n\t\t\t\t\t<\/div>\n\t\t<\/div>\n\t\t\t\t<div class=\"elementor-column elementor-col-50 elementor-inner-column elementor-element elementor-element-7cd9c793\" data-id=\"7cd9c793\" data-element_type=\"column\" data-e-type=\"column\">\n\t\t\t<div class=\"elementor-widget-wrap elementor-element-populated\">\n\t\t\t\t\t\t<div class=\"elementor-element elementor-element-3490fefc elementor-widget elementor-widget-heading\" data-id=\"3490fefc\" data-element_type=\"widget\" data-e-type=\"widget\" data-widget_type=\"heading.default\">\n\t\t\t\t<div class=\"elementor-widget-container\">\n\t\t\t\t\t<h2 class=\"elementor-heading-title elementor-size-default\">Transformamos los requerimientos de nuestros clientes en soluciones efectivas.<\/h2>\t\t\t\t<\/div>\n\t\t\t\t<\/div>\n\t\t\t\t<div class=\"elementor-element elementor-element-622a380 elementor-widget elementor-widget-text-editor\" data-id=\"622a380\" data-element_type=\"widget\" data-e-type=\"widget\" data-widget_type=\"text-editor.default\">\n\t\t\t\t<div class=\"elementor-widget-container\">\n\t\t\t\t\t\t\t\t\t<p style=\"text-align: left;\">Nos enfocamos en comprender a fondo sus necesidades para ofrecer respuestas personalizadas que generan valor, optimizan sus procesos y garantizan su satisfacci\u00f3n.<\/p>\t\t\t\t\t\t\t\t<\/div>\n\t\t\t\t<\/div>\n\t\t\t\t\t<\/div>\n\t\t<\/div>\n\t\t\t\t\t<\/div>\n\t\t<\/section>\n\t\t\t\t<section class=\"elementor-section elementor-inner-section elementor-element elementor-element-1f7fedd4 elementor-section-boxed elementor-section-height-default elementor-section-height-default\" data-id=\"1f7fedd4\" data-element_type=\"section\" data-e-type=\"section\">\n\t\t\t\t\t\t<div class=\"elementor-container elementor-column-gap-default\">\n\t\t\t\t\t<div class=\"elementor-column elementor-col-50 elementor-inner-column elementor-element elementor-element-675a625c\" data-id=\"675a625c\" data-element_type=\"column\" data-e-type=\"column\">\n\t\t\t<div class=\"elementor-widget-wrap elementor-element-populated\">\n\t\t\t\t\t\t<div class=\"elementor-element elementor-element-6d0d36e8 elementor-widget elementor-widget-image\" data-id=\"6d0d36e8\" data-element_type=\"widget\" data-e-type=\"widget\" data-widget_type=\"image.default\">\n\t\t\t\t<div class=\"elementor-widget-container\">\n\t\t\t\t\t\t\t\t\t\t\t\t\t\t\t<img decoding=\"async\" src=\"https:\/\/www.tds.com.ec\/wp-content\/uploads\/elementor\/thumbs\/IMG-20220119-WA0032-ppln17ojvdo6wdml7dk4nr8iogt0a577o40nht8tb0.jpg\" title=\"IMG-20220119-WA0032\" alt=\"IMG-20220119-WA0032\" loading=\"lazy\" \/>\t\t\t\t\t\t\t\t\t\t\t\t\t\t\t<\/div>\n\t\t\t\t<\/div>\n\t\t\t\t\t<\/div>\n\t\t<\/div>\n\t\t\t\t<div class=\"elementor-column elementor-col-50 elementor-inner-column elementor-element elementor-element-530a8b72\" data-id=\"530a8b72\" data-element_type=\"column\" data-e-type=\"column\">\n\t\t\t<div class=\"elementor-widget-wrap elementor-element-populated\">\n\t\t\t\t\t\t<div class=\"elementor-element elementor-element-5b63a354 elementor-widget elementor-widget-heading\" data-id=\"5b63a354\" data-element_type=\"widget\" data-e-type=\"widget\" data-widget_type=\"heading.default\">\n\t\t\t\t<div class=\"elementor-widget-container\">\n\t\t\t\t\t<h2 class=\"elementor-heading-title elementor-size-default\">Calidad garantizada desde el origen.<\/h2>\t\t\t\t<\/div>\n\t\t\t\t<\/div>\n\t\t\t\t<div class=\"elementor-element elementor-element-52f7ae5a elementor-widget elementor-widget-text-editor\" data-id=\"52f7ae5a\" data-element_type=\"widget\" data-e-type=\"widget\" data-widget_type=\"text-editor.default\">\n\t\t\t\t<div class=\"elementor-widget-container\">\n\t\t\t\t\t\t\t\t\t<p>Trabajamos con proveedores que comparten nuestros principios de excelencia y compromiso. Todos ellos est\u00e1n debidamente calificados y cuentan con las certificaciones necesarias para cada producto. Realizamos un control continuo de su desempe\u00f1o, promoviendo la mejora constante en cada etapa del proceso.<\/p>\t\t\t\t\t\t\t\t<\/div>\n\t\t\t\t<\/div>\n\t\t\t\t\t<\/div>\n\t\t<\/div>\n\t\t\t\t\t<\/div>\n\t\t<\/section>\n\t\t\t\t<section class=\"elementor-section elementor-inner-section elementor-element elementor-element-66b655c0 elementor-section-boxed elementor-section-height-default elementor-section-height-default\" data-id=\"66b655c0\" data-element_type=\"section\" data-e-type=\"section\">\n\t\t\t\t\t\t<div class=\"elementor-container elementor-column-gap-default\">\n\t\t\t\t\t<div class=\"elementor-column elementor-col-50 elementor-inner-column elementor-element elementor-element-1785817c\" data-id=\"1785817c\" data-element_type=\"column\" data-e-type=\"column\">\n\t\t\t<div class=\"elementor-widget-wrap elementor-element-populated\">\n\t\t\t\t\t\t<div class=\"elementor-element elementor-element-10099b2e elementor-widget elementor-widget-image\" data-id=\"10099b2e\" data-element_type=\"widget\" data-e-type=\"widget\" data-widget_type=\"image.default\">\n\t\t\t\t<div class=\"elementor-widget-container\">\n\t\t\t\t\t\t\t\t\t\t\t\t\t\t\t<img decoding=\"async\" width=\"150\" height=\"150\" src=\"https:\/\/www.tds.com.ec\/wp-content\/uploads\/2022\/06\/aceros-150x150.jpg\" class=\"attachment-thumbnail size-thumbnail wp-image-842\" alt=\"\" srcset=\"https:\/\/www.tds.com.ec\/wp-content\/uploads\/2022\/06\/aceros-150x150.jpg 150w, https:\/\/www.tds.com.ec\/wp-content\/uploads\/2022\/06\/aceros-100x100.jpg 100w\" sizes=\"100vw\" \/>\t\t\t\t\t\t\t\t\t\t\t\t\t\t\t<\/div>\n\t\t\t\t<\/div>\n\t\t\t\t\t<\/div>\n\t\t<\/div>\n\t\t\t\t<div class=\"elementor-column elementor-col-50 elementor-inner-column elementor-element elementor-element-41d4a608\" data-id=\"41d4a608\" data-element_type=\"column\" data-e-type=\"column\">\n\t\t\t<div class=\"elementor-widget-wrap elementor-element-populated\">\n\t\t\t\t\t\t<div class=\"elementor-element elementor-element-7fe2d477 elementor-widget elementor-widget-heading\" data-id=\"7fe2d477\" data-element_type=\"widget\" data-e-type=\"widget\" data-widget_type=\"heading.default\">\n\t\t\t\t<div class=\"elementor-widget-container\">\n\t\t\t\t\t<h2 class=\"elementor-heading-title elementor-size-default\">Dise\u00f1o y control con enfoque en la calidad.<\/h2>\t\t\t\t<\/div>\n\t\t\t\t<\/div>\n\t\t\t\t<div class=\"elementor-element elementor-element-3b9de750 elementor-widget elementor-widget-text-editor\" data-id=\"3b9de750\" data-element_type=\"widget\" data-e-type=\"widget\" data-widget_type=\"text-editor.default\">\n\t\t\t\t<div class=\"elementor-widget-container\">\n\t\t\t\t\t\t\t\t\t<p>Nuestro proceso de dise\u00f1o selecciona cuidadosamente los materiales m\u00e1s adecuados, cumpliendo con las normativas vigentes y considerando las condiciones espec\u00edficas de operaci\u00f3n.<br \/>Mantenemos un sistema de trazabilidad que garantiza el control total de los materiales desde su origen.<\/p><p>Supervisamos cada etapa del proceso: desde la fabricaci\u00f3n y el ensamblaje hasta la validaci\u00f3n final. Cada material es monitoreado rigurosamente en todas las fases, asegurando la calidad y confiabilidad del producto final.<\/p>\t\t\t\t\t\t\t\t<\/div>\n\t\t\t\t<\/div>\n\t\t\t\t\t<\/div>\n\t\t<\/div>\n\t\t\t\t\t<\/div>\n\t\t<\/section>\n\t\t\t\t<section class=\"elementor-section elementor-inner-section elementor-element elementor-element-20d700f4 elementor-section-boxed elementor-section-height-default elementor-section-height-default\" data-id=\"20d700f4\" data-element_type=\"section\" data-e-type=\"section\">\n\t\t\t\t\t\t<div class=\"elementor-container elementor-column-gap-default\">\n\t\t\t\t\t<div class=\"elementor-column elementor-col-50 elementor-inner-column elementor-element elementor-element-48daec1d\" data-id=\"48daec1d\" data-element_type=\"column\" data-e-type=\"column\">\n\t\t\t<div class=\"elementor-widget-wrap elementor-element-populated\">\n\t\t\t\t\t\t<div class=\"elementor-element elementor-element-53388e1f elementor-widget elementor-widget-image\" data-id=\"53388e1f\" data-element_type=\"widget\" data-e-type=\"widget\" data-widget_type=\"image.default\">\n\t\t\t\t<div class=\"elementor-widget-container\">\n\t\t\t\t\t\t\t\t\t\t\t\t\t\t\t<img loading=\"lazy\" decoding=\"async\" width=\"150\" height=\"150\" src=\"https:\/\/www.tds.com.ec\/wp-content\/uploads\/2024\/04\/Imagen-de-WhatsApp-2024-04-12-a-las-11.58.21_d6fe68bd-150x150.jpg\" class=\"attachment-thumbnail size-thumbnail wp-image-1605\" alt=\"\" srcset=\"https:\/\/www.tds.com.ec\/wp-content\/uploads\/2024\/04\/Imagen-de-WhatsApp-2024-04-12-a-las-11.58.21_d6fe68bd-150x150.jpg 150w, https:\/\/www.tds.com.ec\/wp-content\/uploads\/2024\/04\/Imagen-de-WhatsApp-2024-04-12-a-las-11.58.21_d6fe68bd-100x100.jpg 100w\" sizes=\"100vw\" \/>\t\t\t\t\t\t\t\t\t\t\t\t\t\t\t<\/div>\n\t\t\t\t<\/div>\n\t\t\t\t\t<\/div>\n\t\t<\/div>\n\t\t\t\t<div class=\"elementor-column elementor-col-50 elementor-inner-column elementor-element elementor-element-3eb962d2\" data-id=\"3eb962d2\" data-element_type=\"column\" data-e-type=\"column\">\n\t\t\t<div class=\"elementor-widget-wrap elementor-element-populated\">\n\t\t\t\t\t\t<div class=\"elementor-element elementor-element-618ff86a elementor-widget elementor-widget-heading\" data-id=\"618ff86a\" data-element_type=\"widget\" data-e-type=\"widget\" data-widget_type=\"heading.default\">\n\t\t\t\t<div class=\"elementor-widget-container\">\n\t\t\t\t\t<h2 class=\"elementor-heading-title elementor-size-default\">Dise\u00f1o con calidad planificada desde el inicio.<\/h2>\t\t\t\t<\/div>\n\t\t\t\t<\/div>\n\t\t\t\t<div class=\"elementor-element elementor-element-3fa2e775 elementor-widget elementor-widget-text-editor\" data-id=\"3fa2e775\" data-element_type=\"widget\" data-e-type=\"widget\" data-widget_type=\"text-editor.default\">\n\t\t\t\t<div class=\"elementor-widget-container\">\n\t\t\t\t\t\t\t\t\t<p>Nuestros productos son desarrollados bajo un proceso de dise\u00f1o riguroso, que incorpora controles de calidad en cada etapa, desde la concepci\u00f3n hasta la entrega en campo. Cada soluci\u00f3n que ofrecemos cuenta con el respaldo de un sistema de dise\u00f1o estructurado, orientado a cumplir con los m\u00e1s altos est\u00e1ndares.<\/p><p>Utilizamos herramientas digitales de \u00faltima generaci\u00f3n que nos permiten adaptar cada dise\u00f1o a las necesidades espec\u00edficas de nuestros clientes, garantizando precisi\u00f3n, eficiencia y resultados confiables<\/p>\t\t\t\t\t\t\t\t<\/div>\n\t\t\t\t<\/div>\n\t\t\t\t\t<\/div>\n\t\t<\/div>\n\t\t\t\t\t<\/div>\n\t\t<\/section>\n\t\t\t\t<section class=\"elementor-section elementor-inner-section elementor-element elementor-element-4c07770a elementor-section-boxed elementor-section-height-default elementor-section-height-default\" data-id=\"4c07770a\" data-element_type=\"section\" data-e-type=\"section\">\n\t\t\t\t\t\t<div class=\"elementor-container elementor-column-gap-default\">\n\t\t\t\t\t<div class=\"elementor-column elementor-col-50 elementor-inner-column elementor-element elementor-element-5812b078\" data-id=\"5812b078\" data-element_type=\"column\" data-e-type=\"column\">\n\t\t\t<div class=\"elementor-widget-wrap elementor-element-populated\">\n\t\t\t\t\t\t<div class=\"elementor-element elementor-element-7c9f25c3 elementor-widget elementor-widget-image\" data-id=\"7c9f25c3\" data-element_type=\"widget\" data-e-type=\"widget\" data-widget_type=\"image.default\">\n\t\t\t\t<div class=\"elementor-widget-container\">\n\t\t\t\t\t\t\t\t\t\t\t\t\t\t\t<img loading=\"lazy\" decoding=\"async\" width=\"150\" height=\"150\" src=\"https:\/\/www.tds.com.ec\/wp-content\/uploads\/2025\/09\/Imagen-de-WhatsApp-2025-09-01-a-las-15.39.16_1dbd4d01-150x150.jpg\" class=\"attachment-thumbnail size-thumbnail wp-image-1759\" alt=\"\" srcset=\"https:\/\/www.tds.com.ec\/wp-content\/uploads\/2025\/09\/Imagen-de-WhatsApp-2025-09-01-a-las-15.39.16_1dbd4d01-150x150.jpg 150w, https:\/\/www.tds.com.ec\/wp-content\/uploads\/2025\/09\/Imagen-de-WhatsApp-2025-09-01-a-las-15.39.16_1dbd4d01-100x100.jpg 100w\" sizes=\"100vw\" \/>\t\t\t\t\t\t\t\t\t\t\t\t\t\t\t<\/div>\n\t\t\t\t<\/div>\n\t\t\t\t\t<\/div>\n\t\t<\/div>\n\t\t\t\t<div class=\"elementor-column elementor-col-50 elementor-inner-column elementor-element elementor-element-677441c2\" data-id=\"677441c2\" data-element_type=\"column\" data-e-type=\"column\">\n\t\t\t<div class=\"elementor-widget-wrap elementor-element-populated\">\n\t\t\t\t\t\t<div class=\"elementor-element elementor-element-3c3a2ee7 elementor-widget elementor-widget-heading\" data-id=\"3c3a2ee7\" data-element_type=\"widget\" data-e-type=\"widget\" data-widget_type=\"heading.default\">\n\t\t\t\t<div class=\"elementor-widget-container\">\n\t\t\t\t\t<h2 class=\"elementor-heading-title elementor-size-default\">Documentaci\u00f3n y trazabilidad que respaldan la calidad.<\/h2>\t\t\t\t<\/div>\n\t\t\t\t<\/div>\n\t\t\t\t<div class=\"elementor-element elementor-element-38503b04 elementor-widget elementor-widget-text-editor\" data-id=\"38503b04\" data-element_type=\"widget\" data-e-type=\"widget\" data-widget_type=\"text-editor.default\">\n\t\t\t\t<div class=\"elementor-widget-container\">\n\t\t\t\t\t\t\t\t\t<p>Cada equipo entregado como parte de nuestros sistemas cuenta con los registros y documentos exigidos por nuestro sistema de gesti\u00f3n de calidad. Estos respaldan el cumplimiento de controles en cada etapa del proceso productivo, desde la fabricaci\u00f3n hasta la entrega en campo.<\/p><p>Registramos cada paso del proceso \u2014incluyendo dise\u00f1o, producci\u00f3n, ensamblaje y validaci\u00f3n\u2014 para garantizar la trazabilidad completa y ofrecer evidencia concreta del cumplimiento de est\u00e1ndares. Esta rigurosidad nos permite entregar soluciones confiables, desarrolladas con calidad y transparencia.<\/p>\t\t\t\t\t\t\t\t<\/div>\n\t\t\t\t<\/div>\n\t\t\t\t\t<\/div>\n\t\t<\/div>\n\t\t\t\t\t<\/div>\n\t\t<\/section>\n\t\t\t\t\t<\/div>\n\t\t<\/div>\n\t\t\t\t\t<\/div>\n\t\t<\/section>\n\t\t\t\t<\/div>\n\t\t","protected":false},"excerpt":{"rendered":"<p>SISTEMA DE GESTION DE CALIDAD EVALUACI\u00d3N DE ENTREGA DE EQUIPOS Y SERVICIOS Certificaci\u00f3n ISO 9001 &#8211; 2015 POLITICA DE LA CALIDAD Teardown\u00a0Solutions\u00a0desarrolla productos y soluciones para la producci\u00f3n Petrolera, con est\u00e1ndares de ingenier\u00eda, buscando extender la vida \u00fatil de los equipos de completaci\u00f3n, para la producci\u00f3n\u00a0de petr\u00f3leo y gas, buscando el cumplimiento de los requisitos &hellip; <\/p>\n<p class=\"link-more\"><a href=\"https:\/\/www.tds.com.ec\/index.php\/sgc\/\" class=\"more-link\">Continuar leyendo<span class=\"screen-reader-text\"> \u00abSistema de gesti\u00f3n de la calidad\u00bb<\/span><\/a><\/p>\n","protected":false},"author":2,"featured_media":0,"parent":0,"menu_order":0,"comment_status":"closed","ping_status":"closed","template":"elementor_header_footer","meta":{"footnotes":""},"class_list":["post-785","page","type-page","status-publish","hentry"],"_links":{"self":[{"href":"https:\/\/www.tds.com.ec\/index.php\/wp-json\/wp\/v2\/pages\/785","targetHints":{"allow":["GET"]}}],"collection":[{"href":"https:\/\/www.tds.com.ec\/index.php\/wp-json\/wp\/v2\/pages"}],"about":[{"href":"https:\/\/www.tds.com.ec\/index.php\/wp-json\/wp\/v2\/types\/page"}],"author":[{"embeddable":true,"href":"https:\/\/www.tds.com.ec\/index.php\/wp-json\/wp\/v2\/users\/2"}],"replies":[{"embeddable":true,"href":"https:\/\/www.tds.com.ec\/index.php\/wp-json\/wp\/v2\/comments?post=785"}],"version-history":[{"count":111,"href":"https:\/\/www.tds.com.ec\/index.php\/wp-json\/wp\/v2\/pages\/785\/revisions"}],"predecessor-version":[{"id":1767,"href":"https:\/\/www.tds.com.ec\/index.php\/wp-json\/wp\/v2\/pages\/785\/revisions\/1767"}],"wp:attachment":[{"href":"https:\/\/www.tds.com.ec\/index.php\/wp-json\/wp\/v2\/media?parent=785"}],"curies":[{"name":"wp","href":"https:\/\/api.w.org\/{rel}","templated":true}]}}