{"id":771,"date":"2022-06-02T10:12:09","date_gmt":"2022-06-02T15:12:09","guid":{"rendered":"https:\/\/www.tds.com.ec\/?page_id=771"},"modified":"2022-06-08T10:31:10","modified_gmt":"2022-06-08T15:31:10","slug":"sistemas-de-encapsulado","status":"publish","type":"page","link":"https:\/\/www.tds.com.ec\/index.php\/sistemas-de-encapsulado\/","title":{"rendered":"Sistemas de encapsulado"},"content":{"rendered":"\t\t<div data-elementor-type=\"wp-page\" data-elementor-id=\"771\" class=\"elementor elementor-771\">\n\t\t\t\t\t\t<section class=\"elementor-section elementor-top-section elementor-element elementor-element-13d078a elementor-section-boxed elementor-section-height-default elementor-section-height-default\" data-id=\"13d078a\" data-element_type=\"section\" data-e-type=\"section\" data-settings=\"{&quot;background_background&quot;:&quot;classic&quot;}\">\n\t\t\t\t\t\t<div class=\"elementor-container elementor-column-gap-no\">\n\t\t\t\t\t<div class=\"elementor-column elementor-col-100 elementor-top-column elementor-element elementor-element-6a26417e\" data-id=\"6a26417e\" data-element_type=\"column\" data-e-type=\"column\">\n\t\t\t<div class=\"elementor-widget-wrap elementor-element-populated\">\n\t\t\t\t\t\t<section class=\"elementor-section elementor-inner-section elementor-element elementor-element-545ccbb0 elementor-section-boxed elementor-section-height-default elementor-section-height-default\" data-id=\"545ccbb0\" data-element_type=\"section\" data-e-type=\"section\">\n\t\t\t\t\t\t<div class=\"elementor-container elementor-column-gap-extended\">\n\t\t\t\t\t<div class=\"elementor-column elementor-col-50 elementor-inner-column elementor-element elementor-element-554c38ec\" data-id=\"554c38ec\" data-element_type=\"column\" data-e-type=\"column\">\n\t\t\t<div class=\"elementor-widget-wrap elementor-element-populated\">\n\t\t\t\t\t\t<div class=\"elementor-element elementor-element-1183790e elementor-widget elementor-widget-spacer\" data-id=\"1183790e\" data-element_type=\"widget\" data-e-type=\"widget\" data-widget_type=\"spacer.default\">\n\t\t\t\t<div class=\"elementor-widget-container\">\n\t\t\t\t\t\t\t<div class=\"elementor-spacer\">\n\t\t\t<div class=\"elementor-spacer-inner\"><\/div>\n\t\t<\/div>\n\t\t\t\t\t\t<\/div>\n\t\t\t\t<\/div>\n\t\t\t\t<div class=\"elementor-element elementor-element-71702230 elementor-widget elementor-widget-heading\" data-id=\"71702230\" data-element_type=\"widget\" data-e-type=\"widget\" data-widget_type=\"heading.default\">\n\t\t\t\t<div class=\"elementor-widget-container\">\n\t\t\t\t\t<h3 class=\"elementor-heading-title elementor-size-xl\">sistemas de encapsulado.<\/h3>\t\t\t\t<\/div>\n\t\t\t\t<\/div>\n\t\t\t\t<div class=\"elementor-element elementor-element-5d0c54dd elementor-widget elementor-widget-text-editor\" data-id=\"5d0c54dd\" data-element_type=\"widget\" data-e-type=\"widget\" data-widget_type=\"text-editor.default\">\n\t\t\t\t<div class=\"elementor-widget-container\">\n\t\t\t\t\t\t\t\t\t<ul><li>Equipo dise\u00f1ado para proteger el ESP y aumentar la velocidad de flujo, permitiendo un mejor enfriamiento.<\/li><li>El encapsulado puede aislar el ESP para conectarlo directamente a la zona de inter\u00e9s con el uso de packers.<\/li><li>Se dise\u00f1a para un f\u00e1cil ensamble en campo, acorde a las condiciones de operaci\u00f3n.<\/li><li>Se puede adaptar a varios tipos de rosca de producci\u00f3n, rosca de casing, modelos de conector el\u00e9ctrico y cantidad de capilares necesarios.<\/li><li>Posee un puerto de prueba de presi\u00f3n para verificaci\u00f3n de sellos del POD en campo.<\/li><li>Puede conectarse con modelo especial de paso de capilar interno, dise\u00f1ado por TDS, para sistemas de inyecci\u00f3n bajo el encapsulado, protegiendo el capilar.<\/li><li>El uso de conectores Tri lok con estos encapsulados, aumenta el \u00e1rea de flujo disponible para producci\u00f3n, reduciendo las p\u00e9rdidas de presi\u00f3n.<\/li><\/ul>\t\t\t\t\t\t\t\t<\/div>\n\t\t\t\t<\/div>\n\t\t\t\t\t<\/div>\n\t\t<\/div>\n\t\t\t\t<div class=\"elementor-column elementor-col-50 elementor-inner-column elementor-element elementor-element-5f2579c2\" data-id=\"5f2579c2\" data-element_type=\"column\" data-e-type=\"column\">\n\t\t\t<div class=\"elementor-widget-wrap elementor-element-populated\">\n\t\t\t\t\t\t<div class=\"elementor-element elementor-element-59623b21 elementor-widget elementor-widget-spacer\" data-id=\"59623b21\" data-element_type=\"widget\" data-e-type=\"widget\" data-widget_type=\"spacer.default\">\n\t\t\t\t<div class=\"elementor-widget-container\">\n\t\t\t\t\t\t\t<div class=\"elementor-spacer\">\n\t\t\t<div class=\"elementor-spacer-inner\"><\/div>\n\t\t<\/div>\n\t\t\t\t\t\t<\/div>\n\t\t\t\t<\/div>\n\t\t\t\t<div class=\"elementor-element elementor-element-69d9c116 elementor-widget elementor-widget-image\" data-id=\"69d9c116\" data-element_type=\"widget\" data-e-type=\"widget\" data-widget_type=\"image.default\">\n\t\t\t\t<div class=\"elementor-widget-container\">\n\t\t\t\t\t\t\t\t\t\t\t\t\t\t\t<img decoding=\"async\" width=\"146\" height=\"300\" src=\"https:\/\/www.tds.com.ec\/wp-content\/uploads\/2022\/06\/P1000287-146x300.jpg\" class=\"attachment-medium size-medium wp-image-1456\" alt=\"\" srcset=\"https:\/\/www.tds.com.ec\/wp-content\/uploads\/2022\/06\/P1000287-146x300.jpg 146w, https:\/\/www.tds.com.ec\/wp-content\/uploads\/2022\/06\/P1000287-497x1024.jpg 497w, https:\/\/www.tds.com.ec\/wp-content\/uploads\/2022\/06\/P1000287-768x1581.jpg 768w, https:\/\/www.tds.com.ec\/wp-content\/uploads\/2022\/06\/P1000287-746x1536.jpg 746w, https:\/\/www.tds.com.ec\/wp-content\/uploads\/2022\/06\/P1000287-995x2048.jpg 995w, https:\/\/www.tds.com.ec\/wp-content\/uploads\/2022\/06\/P1000287-scaled.jpg 1243w\" sizes=\"100vw\" \/>\t\t\t\t\t\t\t\t\t\t\t\t\t\t\t<\/div>\n\t\t\t\t<\/div>\n\t\t\t\t\t<\/div>\n\t\t<\/div>\n\t\t\t\t\t<\/div>\n\t\t<\/section>\n\t\t\t\t\t<\/div>\n\t\t<\/div>\n\t\t\t\t\t<\/div>\n\t\t<\/section>\n\t\t\t\t<section class=\"elementor-section elementor-top-section elementor-element elementor-element-b0e2962 elementor-section-boxed elementor-section-height-default elementor-section-height-default\" data-id=\"b0e2962\" data-element_type=\"section\" data-e-type=\"section\">\n\t\t\t\t\t\t<div class=\"elementor-container elementor-column-gap-default\">\n\t\t\t\t\t<div class=\"elementor-column elementor-col-100 elementor-top-column elementor-element elementor-element-a84ea44\" data-id=\"a84ea44\" data-element_type=\"column\" data-e-type=\"column\">\n\t\t\t<div class=\"elementor-widget-wrap elementor-element-populated\">\n\t\t\t\t\t\t<div class=\"elementor-element elementor-element-a820e21 elementor-align-center elementor-widget elementor-widget-button\" data-id=\"a820e21\" data-element_type=\"widget\" data-e-type=\"widget\" data-widget_type=\"button.default\">\n\t\t\t\t<div class=\"elementor-widget-container\">\n\t\t\t\t\t\t\t\t\t<div class=\"elementor-button-wrapper\">\n\t\t\t\t\t<a class=\"elementor-button elementor-button-link elementor-size-sm\" href=\"https:\/\/www.tds.com.ec\/index.php\/solicitud-informacion-encapsulado\/\">\n\t\t\t\t\t\t<span class=\"elementor-button-content-wrapper\">\n\t\t\t\t\t\t\t\t\t<span class=\"elementor-button-text\">Solicita la hoja t\u00e9cnica<\/span>\n\t\t\t\t\t<\/span>\n\t\t\t\t\t<\/a>\n\t\t\t\t<\/div>\n\t\t\t\t\t\t\t\t<\/div>\n\t\t\t\t<\/div>\n\t\t\t\t\t<\/div>\n\t\t<\/div>\n\t\t\t\t\t<\/div>\n\t\t<\/section>\n\t\t\t\t<\/div>\n\t\t","protected":false},"excerpt":{"rendered":"<p>sistemas de encapsulado. Equipo dise\u00f1ado para proteger el ESP y aumentar la velocidad de flujo, permitiendo un mejor enfriamiento. El encapsulado puede aislar el ESP para conectarlo directamente a la zona de inter\u00e9s con el uso de packers. Se dise\u00f1a para un f\u00e1cil ensamble en campo, acorde a las condiciones de operaci\u00f3n. Se puede adaptar &hellip; <\/p>\n<p class=\"link-more\"><a href=\"https:\/\/www.tds.com.ec\/index.php\/sistemas-de-encapsulado\/\" class=\"more-link\">Continuar leyendo<span class=\"screen-reader-text\"> \u00abSistemas de encapsulado\u00bb<\/span><\/a><\/p>\n","protected":false},"author":2,"featured_media":0,"parent":0,"menu_order":0,"comment_status":"closed","ping_status":"closed","template":"elementor_header_footer","meta":{"footnotes":""},"class_list":["post-771","page","type-page","status-publish","hentry"],"_links":{"self":[{"href":"https:\/\/www.tds.com.ec\/index.php\/wp-json\/wp\/v2\/pages\/771","targetHints":{"allow":["GET"]}}],"collection":[{"href":"https:\/\/www.tds.com.ec\/index.php\/wp-json\/wp\/v2\/pages"}],"about":[{"href":"https:\/\/www.tds.com.ec\/index.php\/wp-json\/wp\/v2\/types\/page"}],"author":[{"embeddable":true,"href":"https:\/\/www.tds.com.ec\/index.php\/wp-json\/wp\/v2\/users\/2"}],"replies":[{"embeddable":true,"href":"https:\/\/www.tds.com.ec\/index.php\/wp-json\/wp\/v2\/comments?post=771"}],"version-history":[{"count":16,"href":"https:\/\/www.tds.com.ec\/index.php\/wp-json\/wp\/v2\/pages\/771\/revisions"}],"predecessor-version":[{"id":1477,"href":"https:\/\/www.tds.com.ec\/index.php\/wp-json\/wp\/v2\/pages\/771\/revisions\/1477"}],"wp:attachment":[{"href":"https:\/\/www.tds.com.ec\/index.php\/wp-json\/wp\/v2\/media?parent=771"}],"curies":[{"name":"wp","href":"https:\/\/api.w.org\/{rel}","templated":true}]}}