{"id":761,"date":"2022-06-02T10:09:02","date_gmt":"2022-06-02T15:09:02","guid":{"rendered":"https:\/\/www.tds.com.ec\/?page_id=761"},"modified":"2025-06-26T15:17:51","modified_gmt":"2025-06-26T20:17:51","slug":"sistema-de-inyeccion","status":"publish","type":"page","link":"https:\/\/www.tds.com.ec\/index.php\/sistema-de-inyeccion\/","title":{"rendered":"Sistema de inyecci\u00f3n"},"content":{"rendered":"\t\t<div data-elementor-type=\"wp-page\" data-elementor-id=\"761\" class=\"elementor elementor-761\">\n\t\t\t\t\t\t<section class=\"elementor-section elementor-top-section elementor-element elementor-element-7c504fad elementor-section-boxed elementor-section-height-default elementor-section-height-default\" data-id=\"7c504fad\" data-element_type=\"section\" data-e-type=\"section\" data-settings=\"{&quot;background_background&quot;:&quot;classic&quot;}\">\n\t\t\t\t\t\t<div class=\"elementor-container elementor-column-gap-no\">\n\t\t\t\t\t<div class=\"elementor-column elementor-col-100 elementor-top-column elementor-element elementor-element-b325405\" data-id=\"b325405\" data-element_type=\"column\" data-e-type=\"column\">\n\t\t\t<div class=\"elementor-widget-wrap elementor-element-populated\">\n\t\t\t\t\t\t<section class=\"elementor-section elementor-inner-section elementor-element elementor-element-5449282b elementor-section-boxed elementor-section-height-default elementor-section-height-default\" data-id=\"5449282b\" data-element_type=\"section\" data-e-type=\"section\">\n\t\t\t\t\t\t<div class=\"elementor-container elementor-column-gap-extended\">\n\t\t\t\t\t<div class=\"elementor-column elementor-col-50 elementor-inner-column elementor-element elementor-element-74ae8f1f\" data-id=\"74ae8f1f\" data-element_type=\"column\" data-e-type=\"column\">\n\t\t\t<div class=\"elementor-widget-wrap elementor-element-populated\">\n\t\t\t\t\t\t<div class=\"elementor-element elementor-element-18ebff14 elementor-widget elementor-widget-spacer\" data-id=\"18ebff14\" data-element_type=\"widget\" data-e-type=\"widget\" data-widget_type=\"spacer.default\">\n\t\t\t\t<div class=\"elementor-widget-container\">\n\t\t\t\t\t\t\t<div class=\"elementor-spacer\">\n\t\t\t<div class=\"elementor-spacer-inner\"><\/div>\n\t\t<\/div>\n\t\t\t\t\t\t<\/div>\n\t\t\t\t<\/div>\n\t\t\t\t<div class=\"elementor-element elementor-element-642560d8 elementor-widget elementor-widget-heading\" data-id=\"642560d8\" data-element_type=\"widget\" data-e-type=\"widget\" data-widget_type=\"heading.default\">\n\t\t\t\t<div class=\"elementor-widget-container\">\n\t\t\t\t\t<h3 class=\"elementor-heading-title elementor-size-xl\">Sistema de Inyecci\u00f3n de fondo de pozo.<\/h3>\t\t\t\t<\/div>\n\t\t\t\t<\/div>\n\t\t\t\t<div class=\"elementor-element elementor-element-32322a61 elementor-widget elementor-widget-text-editor\" data-id=\"32322a61\" data-element_type=\"widget\" data-e-type=\"widget\" data-widget_type=\"text-editor.default\">\n\t\t\t\t<div class=\"elementor-widget-container\">\n\t\t\t\t\t\t\t\t\t<p><b>Teardown Solutions,<\/b> con sus dise\u00f1os patentados, hemos logrado incrementar el <strong>RUN LIFE<\/strong> de los equipos de levantamiento artificial, nuestro departamento de ingenier\u00eda est\u00e1 dise\u00f1ando y actualizando nuevas aplicaciones para poder inyectar fluidos en fondo de pozo, esto nos permite dar soluciones a los diferentes tipos de problemas que se presentan en la producci\u00f3n de hidrocarburos.\u00a0<\/p><p>Gracias a nuestros dise\u00f1os nuestros equipos pueden ser utilizados en todos los tipos de sistemas de extracci\u00f3n, tales como:<\/p><ul><li>Flujo natural<\/li><li>Bombeo mec\u00e1nico<\/li><li>Bombeo Electro sumergible<\/li><li>Cavidad progresiva<\/li><li>Bombeo hidr\u00e1ulico<\/li><li>Gas Lift<\/li><li>Pungler Lift<\/li><\/ul><div>Nuestros equipos est\u00e1n dise\u00f1ados acorde a los requerimientos de la industria.<\/div>\t\t\t\t\t\t\t\t<\/div>\n\t\t\t\t<\/div>\n\t\t\t\t\t<\/div>\n\t\t<\/div>\n\t\t\t\t<div class=\"elementor-column elementor-col-50 elementor-inner-column elementor-element elementor-element-5314493\" data-id=\"5314493\" data-element_type=\"column\" data-e-type=\"column\">\n\t\t\t<div class=\"elementor-widget-wrap elementor-element-populated\">\n\t\t\t\t\t\t<div class=\"elementor-element elementor-element-11f1eda1 elementor-widget elementor-widget-spacer\" data-id=\"11f1eda1\" data-element_type=\"widget\" data-e-type=\"widget\" data-widget_type=\"spacer.default\">\n\t\t\t\t<div class=\"elementor-widget-container\">\n\t\t\t\t\t\t\t<div class=\"elementor-spacer\">\n\t\t\t<div class=\"elementor-spacer-inner\"><\/div>\n\t\t<\/div>\n\t\t\t\t\t\t<\/div>\n\t\t\t\t<\/div>\n\t\t\t\t<div class=\"elementor-element elementor-element-29bb6aca elementor-widget elementor-widget-image\" data-id=\"29bb6aca\" data-element_type=\"widget\" data-e-type=\"widget\" data-widget_type=\"image.default\">\n\t\t\t\t<div class=\"elementor-widget-container\">\n\t\t\t\t\t\t\t\t\t\t\t\t\t\t\t<img decoding=\"async\" src=\"https:\/\/www.tds.com.ec\/wp-content\/uploads\/elementor\/thumbs\/IMG-20220419-WA0042-ppl4ushv56cd51ppmo8quglzq240wq3gttlx3iyt7s.jpg\" title=\"IMG-20220419-WA0042\" alt=\"Instalaci\u00f3n mandriles TDS-01\" loading=\"lazy\" \/>\t\t\t\t\t\t\t\t\t\t\t\t\t\t\t<\/div>\n\t\t\t\t<\/div>\n\t\t\t\t<div class=\"elementor-element elementor-element-9b41906 elementor-widget elementor-widget-image\" data-id=\"9b41906\" data-element_type=\"widget\" data-e-type=\"widget\" data-widget_type=\"image.default\">\n\t\t\t\t<div class=\"elementor-widget-container\">\n\t\t\t\t\t\t\t\t\t\t\t\t\t\t\t<img decoding=\"async\" src=\"https:\/\/www.tds.com.ec\/wp-content\/uploads\/elementor\/thumbs\/INYECTOR-RADIAL-ppru8u66dj90cmbn7kcruk8ac0hapg1x6uaflztd34.jpg\" title=\"INYECTOR RADIAL\" alt=\"INYECTOR RADIAL\" loading=\"lazy\" \/>\t\t\t\t\t\t\t\t\t\t\t\t\t\t\t<\/div>\n\t\t\t\t<\/div>\n\t\t\t\t\t<\/div>\n\t\t<\/div>\n\t\t\t\t\t<\/div>\n\t\t<\/section>\n\t\t\t\t\t<\/div>\n\t\t<\/div>\n\t\t\t\t\t<\/div>\n\t\t<\/section>\n\t\t\t\t<section class=\"elementor-section elementor-top-section elementor-element elementor-element-8d90ce2 elementor-section-boxed elementor-section-height-default elementor-section-height-default\" data-id=\"8d90ce2\" data-element_type=\"section\" data-e-type=\"section\">\n\t\t\t\t\t\t<div class=\"elementor-container elementor-column-gap-default\">\n\t\t\t\t\t<div class=\"elementor-column elementor-col-50 elementor-top-column elementor-element elementor-element-3ffcbf9\" data-id=\"3ffcbf9\" data-element_type=\"column\" data-e-type=\"column\">\n\t\t\t<div class=\"elementor-widget-wrap elementor-element-populated\">\n\t\t\t\t\t\t<div class=\"elementor-element elementor-element-9e4a6b7 elementor-widget elementor-widget-heading\" data-id=\"9e4a6b7\" data-element_type=\"widget\" data-e-type=\"widget\" data-widget_type=\"heading.default\">\n\t\t\t\t<div class=\"elementor-widget-container\">\n\t\t\t\t\t<h2 class=\"elementor-heading-title elementor-size-default\"><a href=\"https:\/\/www.tds.com.ec\/index.php\/mandril-de-inyeccion-tds-01\/\">Mandril de Inyecci\u00f3n TDS-01<\/a><\/h2>\t\t\t\t<\/div>\n\t\t\t\t<\/div>\n\t\t\t\t\t<\/div>\n\t\t<\/div>\n\t\t\t\t<div class=\"elementor-column elementor-col-50 elementor-top-column elementor-element elementor-element-a06da42\" data-id=\"a06da42\" data-element_type=\"column\" data-e-type=\"column\">\n\t\t\t<div class=\"elementor-widget-wrap elementor-element-populated\">\n\t\t\t\t\t\t<div class=\"elementor-element elementor-element-f9ea865 elementor-widget elementor-widget-heading\" data-id=\"f9ea865\" data-element_type=\"widget\" data-e-type=\"widget\" data-widget_type=\"heading.default\">\n\t\t\t\t<div class=\"elementor-widget-container\">\n\t\t\t\t\t<h2 class=\"elementor-heading-title elementor-size-default\"><a href=\"https:\/\/www.tds.com.ec\/index.php\/mandril-de-inyeccion-tds-02\/\">Mandril de Inyecci\u00f3n TDS-02<\/a><\/h2>\t\t\t\t<\/div>\n\t\t\t\t<\/div>\n\t\t\t\t\t<\/div>\n\t\t<\/div>\n\t\t\t\t\t<\/div>\n\t\t<\/section>\n\t\t\t\t<section class=\"elementor-section elementor-top-section elementor-element elementor-element-8326577 elementor-section-boxed elementor-section-height-default elementor-section-height-default\" data-id=\"8326577\" data-element_type=\"section\" data-e-type=\"section\">\n\t\t\t\t\t\t<div class=\"elementor-container elementor-column-gap-default\">\n\t\t\t\t\t<div class=\"elementor-column elementor-col-100 elementor-top-column elementor-element elementor-element-8d8b943\" data-id=\"8d8b943\" data-element_type=\"column\" data-e-type=\"column\">\n\t\t\t<div class=\"elementor-widget-wrap elementor-element-populated\">\n\t\t\t\t\t\t<div class=\"elementor-element elementor-element-77f0cb4 elementor-widget elementor-widget-spacer\" data-id=\"77f0cb4\" data-element_type=\"widget\" data-e-type=\"widget\" data-widget_type=\"spacer.default\">\n\t\t\t\t<div class=\"elementor-widget-container\">\n\t\t\t\t\t\t\t<div class=\"elementor-spacer\">\n\t\t\t<div class=\"elementor-spacer-inner\"><\/div>\n\t\t<\/div>\n\t\t\t\t\t\t<\/div>\n\t\t\t\t<\/div>\n\t\t\t\t\t<\/div>\n\t\t<\/div>\n\t\t\t\t\t<\/div>\n\t\t<\/section>\n\t\t\t\t<\/div>\n\t\t","protected":false},"excerpt":{"rendered":"<p>Sistema de Inyecci\u00f3n de fondo de pozo. Teardown Solutions, con sus dise\u00f1os patentados, hemos logrado incrementar el RUN LIFE de los equipos de levantamiento artificial, nuestro departamento de ingenier\u00eda est\u00e1 dise\u00f1ando y actualizando nuevas aplicaciones para poder inyectar fluidos en fondo de pozo, esto nos permite dar soluciones a los diferentes tipos de problemas que &hellip; <\/p>\n<p class=\"link-more\"><a href=\"https:\/\/www.tds.com.ec\/index.php\/sistema-de-inyeccion\/\" class=\"more-link\">Continuar leyendo<span class=\"screen-reader-text\"> \u00abSistema de inyecci\u00f3n\u00bb<\/span><\/a><\/p>\n","protected":false},"author":2,"featured_media":0,"parent":0,"menu_order":0,"comment_status":"closed","ping_status":"closed","template":"elementor_header_footer","meta":{"footnotes":""},"class_list":["post-761","page","type-page","status-publish","hentry"],"_links":{"self":[{"href":"https:\/\/www.tds.com.ec\/index.php\/wp-json\/wp\/v2\/pages\/761","targetHints":{"allow":["GET"]}}],"collection":[{"href":"https:\/\/www.tds.com.ec\/index.php\/wp-json\/wp\/v2\/pages"}],"about":[{"href":"https:\/\/www.tds.com.ec\/index.php\/wp-json\/wp\/v2\/types\/page"}],"author":[{"embeddable":true,"href":"https:\/\/www.tds.com.ec\/index.php\/wp-json\/wp\/v2\/users\/2"}],"replies":[{"embeddable":true,"href":"https:\/\/www.tds.com.ec\/index.php\/wp-json\/wp\/v2\/comments?post=761"}],"version-history":[{"count":61,"href":"https:\/\/www.tds.com.ec\/index.php\/wp-json\/wp\/v2\/pages\/761\/revisions"}],"predecessor-version":[{"id":1678,"href":"https:\/\/www.tds.com.ec\/index.php\/wp-json\/wp\/v2\/pages\/761\/revisions\/1678"}],"wp:attachment":[{"href":"https:\/\/www.tds.com.ec\/index.php\/wp-json\/wp\/v2\/media?parent=761"}],"curies":[{"name":"wp","href":"https:\/\/api.w.org\/{rel}","templated":true}]}}