{"id":696,"date":"2022-06-02T09:27:50","date_gmt":"2022-06-02T14:27:50","guid":{"rendered":"https:\/\/www.tds.com.ec\/?page_id=696"},"modified":"2025-07-02T15:49:28","modified_gmt":"2025-07-02T20:49:28","slug":"sistema-de-desvio","status":"publish","type":"page","link":"https:\/\/www.tds.com.ec\/index.php\/sistema-de-desvio\/","title":{"rendered":"Sistema de desv\u00edo"},"content":{"rendered":"\t\t<div data-elementor-type=\"wp-page\" data-elementor-id=\"696\" class=\"elementor elementor-696\">\n\t\t\t\t\t\t<section class=\"elementor-section elementor-top-section elementor-element elementor-element-1e9d67f6 elementor-section-boxed elementor-section-height-default elementor-section-height-default\" data-id=\"1e9d67f6\" data-element_type=\"section\" data-e-type=\"section\" data-settings=\"{&quot;background_background&quot;:&quot;classic&quot;}\">\n\t\t\t\t\t\t<div class=\"elementor-container elementor-column-gap-no\">\n\t\t\t\t\t<div class=\"elementor-column elementor-col-100 elementor-top-column elementor-element elementor-element-34d78e1f\" data-id=\"34d78e1f\" data-element_type=\"column\" data-e-type=\"column\">\n\t\t\t<div class=\"elementor-widget-wrap elementor-element-populated\">\n\t\t\t\t\t\t<section class=\"elementor-section elementor-inner-section elementor-element elementor-element-2facd5ec elementor-section-boxed elementor-section-height-default elementor-section-height-default\" data-id=\"2facd5ec\" data-element_type=\"section\" data-e-type=\"section\">\n\t\t\t\t\t\t<div class=\"elementor-container elementor-column-gap-extended\">\n\t\t\t\t\t<div class=\"elementor-column elementor-col-50 elementor-inner-column elementor-element elementor-element-69e3e9c8\" data-id=\"69e3e9c8\" data-element_type=\"column\" data-e-type=\"column\">\n\t\t\t<div class=\"elementor-widget-wrap elementor-element-populated\">\n\t\t\t\t\t\t<div class=\"elementor-element elementor-element-7ab72b1b elementor-widget elementor-widget-spacer\" data-id=\"7ab72b1b\" data-element_type=\"widget\" data-e-type=\"widget\" data-widget_type=\"spacer.default\">\n\t\t\t\t<div class=\"elementor-widget-container\">\n\t\t\t\t\t\t\t<div class=\"elementor-spacer\">\n\t\t\t<div class=\"elementor-spacer-inner\"><\/div>\n\t\t<\/div>\n\t\t\t\t\t\t<\/div>\n\t\t\t\t<\/div>\n\t\t\t\t<div class=\"elementor-element elementor-element-1ac081af elementor-widget elementor-widget-heading\" data-id=\"1ac081af\" data-element_type=\"widget\" data-e-type=\"widget\" data-widget_type=\"heading.default\">\n\t\t\t\t<div class=\"elementor-widget-container\">\n\t\t\t\t\t<h3 class=\"elementor-heading-title elementor-size-xl\">sistema de desvio y-tool<\/h3>\t\t\t\t<\/div>\n\t\t\t\t<\/div>\n\t\t\t\t<div class=\"elementor-element elementor-element-6b35aa0d elementor-widget elementor-widget-text-editor\" data-id=\"6b35aa0d\" data-element_type=\"widget\" data-e-type=\"widget\" data-widget_type=\"text-editor.default\">\n\t\t\t\t<div class=\"elementor-widget-container\">\n\t\t\t\t\t\t\t\t\t<ul><li style=\"direction: ltr; unicode-bidi: embed; word-break: normal;\"><span style=\"font-size: 16pt; font-family: 'Open Sans';\">Sistema 100% reparable<\/span><\/li><li><span style=\"font-family: 'Open Sans'; font-size: 16pt;\">De f\u00e1cil manejo en campo para inspecci\u00f3n y pruebas<\/span><\/li><li><span style=\"font-family: Open Sans;\"><span style=\"font-size: 21.3333px;\">Disponible en varias metalurgias con bajos tiempos de entrega.<\/span><\/span><\/li><li><span style=\"font-family: Open Sans;\"><span style=\"font-size: 21.3333px;\">Disponibles en varios tama\u00f1os, para\u00a0 \u00a0 \u00a0 \u00a0 \u00a0 \u00a0 \u00a0 \u00a0 Casing 10 3\/4&#8243;, 9 5\/8&#8243; y 7&#8243;<\/span><\/span><\/li><li><span style=\"color: var( --e-global-color-8054e71 ); background-color: var( --e-global-color-secondary ); font-size: 16pt; font-family: 'Open Sans';\">Clamps<\/span><span style=\"color: var( --e-global-color-8054e71 ); background-color: var( --e-global-color-secondary ); font-size: 16pt; font-family: 'Open Sans';\"> modulares adaptables a los cuellos de las ESP de la mayor\u00eda de las marcas disponibles en el mercado<\/span><\/li><li><span style=\"font-size: 16pt; font-family: 'Open Sans';\">Permite realizar trabajos de registros, pruebas PLT, limpiezas, ca\u00f1oneo, toma de muestras, restauraci\u00f3n de presi\u00f3n, <\/span><span style=\"font-size: 16pt; font-family: 'Open Sans';\">etc.<\/span><span style=\"font-size: 16pt; font-family: 'Open Sans';\"> sin retirar el ESP de fondo.<\/span><\/li><\/ul>\t\t\t\t\t\t\t\t<\/div>\n\t\t\t\t<\/div>\n\t\t\t\t\t<\/div>\n\t\t<\/div>\n\t\t\t\t<div class=\"elementor-column elementor-col-50 elementor-inner-column elementor-element elementor-element-7e2cd812\" data-id=\"7e2cd812\" data-element_type=\"column\" data-e-type=\"column\">\n\t\t\t<div class=\"elementor-widget-wrap elementor-element-populated\">\n\t\t\t\t\t\t<div class=\"elementor-element elementor-element-4e926d34 elementor-widget elementor-widget-spacer\" data-id=\"4e926d34\" data-element_type=\"widget\" data-e-type=\"widget\" data-widget_type=\"spacer.default\">\n\t\t\t\t<div class=\"elementor-widget-container\">\n\t\t\t\t\t\t\t<div class=\"elementor-spacer\">\n\t\t\t<div class=\"elementor-spacer-inner\"><\/div>\n\t\t<\/div>\n\t\t\t\t\t\t<\/div>\n\t\t\t\t<\/div>\n\t\t\t\t<div class=\"elementor-element elementor-element-653a00e elementor-widget elementor-widget-image\" data-id=\"653a00e\" data-element_type=\"widget\" data-e-type=\"widget\" data-widget_type=\"image.default\">\n\t\t\t\t<div class=\"elementor-widget-container\">\n\t\t\t\t\t\t\t\t\t\t\t\t\t\t\t<img decoding=\"async\" src=\"https:\/\/www.tds.com.ec\/wp-content\/uploads\/elementor\/thumbs\/Imagen-de-WhatsApp-2024-04-12-a-las-11.58.20_fa6deb82-qmm0i6634o3ye62tihts04seq18h3d6vfak7i25rvs.jpg\" title=\"Imagen de WhatsApp 2024-04-12 a las 11.58.20_fa6deb82\" alt=\"Imagen de WhatsApp 2024-04-12 a las 11.58.20_fa6deb82\" loading=\"lazy\" \/>\t\t\t\t\t\t\t\t\t\t\t\t\t\t\t<\/div>\n\t\t\t\t<\/div>\n\t\t\t\t<div class=\"elementor-element elementor-element-73b53d24 elementor-widget elementor-widget-image\" data-id=\"73b53d24\" data-element_type=\"widget\" data-e-type=\"widget\" data-widget_type=\"image.default\">\n\t\t\t\t<div class=\"elementor-widget-container\">\n\t\t\t\t\t\t\t\t\t\t\t\t\t\t\t<img decoding=\"async\" width=\"150\" height=\"150\" src=\"https:\/\/www.tds.com.ec\/wp-content\/uploads\/2024\/04\/Imagen-de-WhatsApp-2024-04-12-a-las-11.58.21_fd7c9de8-150x150.jpg\" class=\"attachment-thumbnail size-thumbnail wp-image-1606\" alt=\"\" srcset=\"https:\/\/www.tds.com.ec\/wp-content\/uploads\/2024\/04\/Imagen-de-WhatsApp-2024-04-12-a-las-11.58.21_fd7c9de8-150x150.jpg 150w, https:\/\/www.tds.com.ec\/wp-content\/uploads\/2024\/04\/Imagen-de-WhatsApp-2024-04-12-a-las-11.58.21_fd7c9de8-100x100.jpg 100w\" sizes=\"100vw\" \/>\t\t\t\t\t\t\t\t\t\t\t\t\t\t\t<\/div>\n\t\t\t\t<\/div>\n\t\t\t\t\t<\/div>\n\t\t<\/div>\n\t\t\t\t\t<\/div>\n\t\t<\/section>\n\t\t\t\t\t<\/div>\n\t\t<\/div>\n\t\t\t\t\t<\/div>\n\t\t<\/section>\n\t\t\t\t<section class=\"elementor-section elementor-top-section elementor-element elementor-element-72f3faa elementor-section-boxed elementor-section-height-default elementor-section-height-default\" data-id=\"72f3faa\" data-element_type=\"section\" data-e-type=\"section\">\n\t\t\t\t\t\t<div class=\"elementor-container elementor-column-gap-default\">\n\t\t\t\t\t<div class=\"elementor-column elementor-col-100 elementor-top-column elementor-element elementor-element-e8d7fac\" data-id=\"e8d7fac\" data-element_type=\"column\" data-e-type=\"column\">\n\t\t\t<div class=\"elementor-widget-wrap elementor-element-populated\">\n\t\t\t\t\t\t<div class=\"elementor-element elementor-element-d70612f elementor-align-center elementor-widget elementor-widget-button\" data-id=\"d70612f\" data-element_type=\"widget\" data-e-type=\"widget\" data-widget_type=\"button.default\">\n\t\t\t\t<div class=\"elementor-widget-container\">\n\t\t\t\t\t\t\t\t\t<div class=\"elementor-button-wrapper\">\n\t\t\t\t\t<a class=\"elementor-button elementor-button-link elementor-size-sm\" href=\"https:\/\/www.tds.com.ec\/index.php\/formulario-solicitud-hoja-tecnica-y-tool\/\">\n\t\t\t\t\t\t<span class=\"elementor-button-content-wrapper\">\n\t\t\t\t\t\t\t\t\t<span class=\"elementor-button-text\">Solicita la hoja t\u00e9cnica<\/span>\n\t\t\t\t\t<\/span>\n\t\t\t\t\t<\/a>\n\t\t\t\t<\/div>\n\t\t\t\t\t\t\t\t<\/div>\n\t\t\t\t<\/div>\n\t\t\t\t\t<\/div>\n\t\t<\/div>\n\t\t\t\t\t<\/div>\n\t\t<\/section>\n\t\t\t\t<section class=\"elementor-section elementor-top-section elementor-element elementor-element-d95c3fa elementor-section-boxed elementor-section-height-default elementor-section-height-default\" data-id=\"d95c3fa\" data-element_type=\"section\" data-e-type=\"section\">\n\t\t\t\t\t\t<div class=\"elementor-container elementor-column-gap-default\">\n\t\t\t\t\t<div class=\"elementor-column elementor-col-33 elementor-top-column elementor-element elementor-element-baa6713\" data-id=\"baa6713\" data-element_type=\"column\" data-e-type=\"column\">\n\t\t\t<div class=\"elementor-widget-wrap elementor-element-populated\">\n\t\t\t\t\t\t<div class=\"elementor-element elementor-element-269157d elementor-widget elementor-widget-image\" data-id=\"269157d\" data-element_type=\"widget\" data-e-type=\"widget\" data-widget_type=\"image.default\">\n\t\t\t\t<div class=\"elementor-widget-container\">\n\t\t\t\t\t\t\t\t\t\t\t\t\t\t\t<img fetchpriority=\"high\" decoding=\"async\" width=\"461\" height=\"1024\" src=\"https:\/\/www.tds.com.ec\/wp-content\/uploads\/2024\/04\/Imagen-de-WhatsApp-2024-04-12-a-las-11.58.22_85ad048f-461x1024.jpg\" class=\"attachment-large size-large wp-image-1607\" alt=\"\" srcset=\"https:\/\/www.tds.com.ec\/wp-content\/uploads\/2024\/04\/Imagen-de-WhatsApp-2024-04-12-a-las-11.58.22_85ad048f-461x1024.jpg 461w, https:\/\/www.tds.com.ec\/wp-content\/uploads\/2024\/04\/Imagen-de-WhatsApp-2024-04-12-a-las-11.58.22_85ad048f-135x300.jpg 135w, https:\/\/www.tds.com.ec\/wp-content\/uploads\/2024\/04\/Imagen-de-WhatsApp-2024-04-12-a-las-11.58.22_85ad048f-691x1536.jpg 691w, https:\/\/www.tds.com.ec\/wp-content\/uploads\/2024\/04\/Imagen-de-WhatsApp-2024-04-12-a-las-11.58.22_85ad048f.jpg 720w\" sizes=\"100vw\" \/>\t\t\t\t\t\t\t\t\t\t\t\t\t\t\t<\/div>\n\t\t\t\t<\/div>\n\t\t\t\t\t<\/div>\n\t\t<\/div>\n\t\t\t\t<div class=\"elementor-column elementor-col-33 elementor-top-column elementor-element elementor-element-d30e24c\" data-id=\"d30e24c\" data-element_type=\"column\" data-e-type=\"column\">\n\t\t\t<div class=\"elementor-widget-wrap elementor-element-populated\">\n\t\t\t\t\t\t<div class=\"elementor-element elementor-element-b499e3f elementor-widget elementor-widget-image\" data-id=\"b499e3f\" data-element_type=\"widget\" data-e-type=\"widget\" data-widget_type=\"image.default\">\n\t\t\t\t<div class=\"elementor-widget-container\">\n\t\t\t\t\t\t\t\t\t\t\t\t\t\t\t<img decoding=\"async\" width=\"461\" height=\"1024\" src=\"https:\/\/www.tds.com.ec\/wp-content\/uploads\/2024\/04\/Imagen-de-WhatsApp-2024-04-12-a-las-11.58.22_727c90d3-461x1024.jpg\" class=\"attachment-large size-large wp-image-1608\" alt=\"\" srcset=\"https:\/\/www.tds.com.ec\/wp-content\/uploads\/2024\/04\/Imagen-de-WhatsApp-2024-04-12-a-las-11.58.22_727c90d3-461x1024.jpg 461w, https:\/\/www.tds.com.ec\/wp-content\/uploads\/2024\/04\/Imagen-de-WhatsApp-2024-04-12-a-las-11.58.22_727c90d3-135x300.jpg 135w, https:\/\/www.tds.com.ec\/wp-content\/uploads\/2024\/04\/Imagen-de-WhatsApp-2024-04-12-a-las-11.58.22_727c90d3-691x1536.jpg 691w, https:\/\/www.tds.com.ec\/wp-content\/uploads\/2024\/04\/Imagen-de-WhatsApp-2024-04-12-a-las-11.58.22_727c90d3.jpg 720w\" sizes=\"100vw\" \/>\t\t\t\t\t\t\t\t\t\t\t\t\t\t\t<\/div>\n\t\t\t\t<\/div>\n\t\t\t\t\t<\/div>\n\t\t<\/div>\n\t\t\t\t<div class=\"elementor-column elementor-col-33 elementor-top-column elementor-element elementor-element-814de48\" data-id=\"814de48\" data-element_type=\"column\" data-e-type=\"column\">\n\t\t\t<div class=\"elementor-widget-wrap elementor-element-populated\">\n\t\t\t\t\t\t<div class=\"elementor-element elementor-element-b57ce90 elementor-widget elementor-widget-image\" data-id=\"b57ce90\" data-element_type=\"widget\" data-e-type=\"widget\" data-widget_type=\"image.default\">\n\t\t\t\t<div class=\"elementor-widget-container\">\n\t\t\t\t\t\t\t\t\t\t\t\t\t\t\t<img loading=\"lazy\" decoding=\"async\" width=\"461\" height=\"1024\" src=\"https:\/\/www.tds.com.ec\/wp-content\/uploads\/2024\/04\/Imagen-de-WhatsApp-2024-04-12-a-las-11.58.20_fa6deb82-461x1024.jpg\" class=\"attachment-large size-large wp-image-1601\" alt=\"\" srcset=\"https:\/\/www.tds.com.ec\/wp-content\/uploads\/2024\/04\/Imagen-de-WhatsApp-2024-04-12-a-las-11.58.20_fa6deb82-461x1024.jpg 461w, https:\/\/www.tds.com.ec\/wp-content\/uploads\/2024\/04\/Imagen-de-WhatsApp-2024-04-12-a-las-11.58.20_fa6deb82-135x300.jpg 135w, https:\/\/www.tds.com.ec\/wp-content\/uploads\/2024\/04\/Imagen-de-WhatsApp-2024-04-12-a-las-11.58.20_fa6deb82-691x1536.jpg 691w, https:\/\/www.tds.com.ec\/wp-content\/uploads\/2024\/04\/Imagen-de-WhatsApp-2024-04-12-a-las-11.58.20_fa6deb82.jpg 720w\" sizes=\"100vw\" \/>\t\t\t\t\t\t\t\t\t\t\t\t\t\t\t<\/div>\n\t\t\t\t<\/div>\n\t\t\t\t\t<\/div>\n\t\t<\/div>\n\t\t\t\t\t<\/div>\n\t\t<\/section>\n\t\t\t\t<section class=\"elementor-section elementor-top-section elementor-element elementor-element-4cfc6d1 elementor-section-boxed elementor-section-height-default elementor-section-height-default\" data-id=\"4cfc6d1\" data-element_type=\"section\" data-e-type=\"section\">\n\t\t\t\t\t\t<div class=\"elementor-container elementor-column-gap-default\">\n\t\t\t\t\t<div class=\"elementor-column elementor-col-100 elementor-top-column elementor-element elementor-element-8776db7\" data-id=\"8776db7\" data-element_type=\"column\" data-e-type=\"column\">\n\t\t\t<div class=\"elementor-widget-wrap elementor-element-populated\">\n\t\t\t\t\t\t<div class=\"elementor-element elementor-element-754860a elementor-widget elementor-widget-image\" data-id=\"754860a\" data-element_type=\"widget\" data-e-type=\"widget\" data-widget_type=\"image.default\">\n\t\t\t\t<div class=\"elementor-widget-container\">\n\t\t\t\t\t\t\t\t\t\t\t\t\t\t\t<img loading=\"lazy\" decoding=\"async\" width=\"135\" height=\"300\" src=\"https:\/\/www.tds.com.ec\/wp-content\/uploads\/2024\/04\/Imagen-de-WhatsApp-2024-04-12-a-las-11.58.22_b6bdd185-135x300.jpg\" class=\"attachment-medium size-medium wp-image-1610\" alt=\"\" srcset=\"https:\/\/www.tds.com.ec\/wp-content\/uploads\/2024\/04\/Imagen-de-WhatsApp-2024-04-12-a-las-11.58.22_b6bdd185-135x300.jpg 135w, https:\/\/www.tds.com.ec\/wp-content\/uploads\/2024\/04\/Imagen-de-WhatsApp-2024-04-12-a-las-11.58.22_b6bdd185-461x1024.jpg 461w, https:\/\/www.tds.com.ec\/wp-content\/uploads\/2024\/04\/Imagen-de-WhatsApp-2024-04-12-a-las-11.58.22_b6bdd185-691x1536.jpg 691w, https:\/\/www.tds.com.ec\/wp-content\/uploads\/2024\/04\/Imagen-de-WhatsApp-2024-04-12-a-las-11.58.22_b6bdd185.jpg 720w\" sizes=\"100vw\" \/>\t\t\t\t\t\t\t\t\t\t\t\t\t\t\t<\/div>\n\t\t\t\t<\/div>\n\t\t\t\t\t<\/div>\n\t\t<\/div>\n\t\t\t\t\t<\/div>\n\t\t<\/section>\n\t\t\t\t<\/div>\n\t\t","protected":false},"excerpt":{"rendered":"<p>sistema de desvio y-tool Sistema 100% reparable De f\u00e1cil manejo en campo para inspecci\u00f3n y pruebas Disponible en varias metalurgias con bajos tiempos de entrega. Disponibles en varios tama\u00f1os, para\u00a0 \u00a0 \u00a0 \u00a0 \u00a0 \u00a0 \u00a0 \u00a0 Casing 10 3\/4&#8243;, 9 5\/8&#8243; y 7&#8243; Clamps modulares adaptables a los cuellos de las ESP de la &hellip; <\/p>\n<p class=\"link-more\"><a href=\"https:\/\/www.tds.com.ec\/index.php\/sistema-de-desvio\/\" class=\"more-link\">Continuar leyendo<span class=\"screen-reader-text\"> \u00abSistema de desv\u00edo\u00bb<\/span><\/a><\/p>\n","protected":false},"author":2,"featured_media":0,"parent":0,"menu_order":0,"comment_status":"closed","ping_status":"closed","template":"elementor_header_footer","meta":{"footnotes":""},"class_list":["post-696","page","type-page","status-publish","hentry"],"_links":{"self":[{"href":"https:\/\/www.tds.com.ec\/index.php\/wp-json\/wp\/v2\/pages\/696","targetHints":{"allow":["GET"]}}],"collection":[{"href":"https:\/\/www.tds.com.ec\/index.php\/wp-json\/wp\/v2\/pages"}],"about":[{"href":"https:\/\/www.tds.com.ec\/index.php\/wp-json\/wp\/v2\/types\/page"}],"author":[{"embeddable":true,"href":"https:\/\/www.tds.com.ec\/index.php\/wp-json\/wp\/v2\/users\/2"}],"replies":[{"embeddable":true,"href":"https:\/\/www.tds.com.ec\/index.php\/wp-json\/wp\/v2\/comments?post=696"}],"version-history":[{"count":34,"href":"https:\/\/www.tds.com.ec\/index.php\/wp-json\/wp\/v2\/pages\/696\/revisions"}],"predecessor-version":[{"id":1737,"href":"https:\/\/www.tds.com.ec\/index.php\/wp-json\/wp\/v2\/pages\/696\/revisions\/1737"}],"wp:attachment":[{"href":"https:\/\/www.tds.com.ec\/index.php\/wp-json\/wp\/v2\/media?parent=696"}],"curies":[{"name":"wp","href":"https:\/\/api.w.org\/{rel}","templated":true}]}}