{"id":1340,"date":"2022-06-07T18:23:12","date_gmt":"2022-06-07T23:23:12","guid":{"rendered":"https:\/\/www.tds.com.ec\/?page_id=1340"},"modified":"2025-09-03T10:55:42","modified_gmt":"2025-09-03T15:55:42","slug":"hydrocyclone-tds","status":"publish","type":"page","link":"https:\/\/www.tds.com.ec\/index.php\/home3\/hydrocyclone-tds\/","title":{"rendered":"Hidrocicl\u00f3n TDS"},"content":{"rendered":"\t\t<div data-elementor-type=\"wp-page\" data-elementor-id=\"1340\" class=\"elementor elementor-1340\">\n\t\t\t\t\t\t<section class=\"elementor-section elementor-top-section elementor-element elementor-element-9df56e3 elementor-section-boxed elementor-section-height-default elementor-section-height-default\" data-id=\"9df56e3\" data-element_type=\"section\" data-e-type=\"section\">\n\t\t\t\t\t\t<div class=\"elementor-container elementor-column-gap-default\">\n\t\t\t\t\t<div class=\"elementor-column elementor-col-100 elementor-top-column elementor-element elementor-element-2888c3f\" data-id=\"2888c3f\" data-element_type=\"column\" data-e-type=\"column\">\n\t\t\t<div class=\"elementor-widget-wrap elementor-element-populated\">\n\t\t\t\t\t\t<div class=\"elementor-element elementor-element-eaec845 elementor-widget elementor-widget-spacer\" data-id=\"eaec845\" data-element_type=\"widget\" data-e-type=\"widget\" data-widget_type=\"spacer.default\">\n\t\t\t\t<div class=\"elementor-widget-container\">\n\t\t\t\t\t\t\t<div class=\"elementor-spacer\">\n\t\t\t<div class=\"elementor-spacer-inner\"><\/div>\n\t\t<\/div>\n\t\t\t\t\t\t<\/div>\n\t\t\t\t<\/div>\n\t\t\t\t<div class=\"elementor-element elementor-element-53f4d03 elementor-widget elementor-widget-heading\" data-id=\"53f4d03\" data-element_type=\"widget\" data-e-type=\"widget\" data-widget_type=\"heading.default\">\n\t\t\t\t<div class=\"elementor-widget-container\">\n\t\t\t\t\t<h2 class=\"elementor-heading-title elementor-size-default\">Separaci\u00f3n eficiente, mayor rendimiento.<\/h2>\t\t\t\t<\/div>\n\t\t\t\t<\/div>\n\t\t\t\t\t<\/div>\n\t\t<\/div>\n\t\t\t\t\t<\/div>\n\t\t<\/section>\n\t\t\t\t<section class=\"elementor-section elementor-top-section elementor-element elementor-element-8f91ccf elementor-section-boxed elementor-section-height-default elementor-section-height-default\" data-id=\"8f91ccf\" data-element_type=\"section\" data-e-type=\"section\">\n\t\t\t\t\t\t<div class=\"elementor-container elementor-column-gap-default\">\n\t\t\t\t\t<div class=\"elementor-column elementor-col-100 elementor-top-column elementor-element elementor-element-07f2a9b\" data-id=\"07f2a9b\" data-element_type=\"column\" data-e-type=\"column\">\n\t\t\t<div class=\"elementor-widget-wrap elementor-element-populated\">\n\t\t\t\t\t\t<div class=\"elementor-element elementor-element-1e62aed animated-slow elementor-invisible elementor-widget elementor-widget-text-editor\" data-id=\"1e62aed\" data-element_type=\"widget\" data-e-type=\"widget\" data-settings=\"{&quot;_animation&quot;:&quot;fadeInLeft&quot;,&quot;_animation_delay&quot;:100}\" data-widget_type=\"text-editor.default\">\n\t\t\t\t<div class=\"elementor-widget-container\">\n\t\t\t\t\t\t\t\t\t<p>Nuestro equipo de separaci\u00f3n utiliza fuerza centr\u00edfuga para remover eficazmente la arena de formaci\u00f3n del fluido producido, protegiendo los sistemas de levantamiento artificial y mejorando su desempe\u00f1o.<\/p><p>El\u00a0<strong>Hidrocicl\u00f3n de alta eficiencia<\/strong>\u00a0est\u00e1 dise\u00f1ado para operar en distintos rangos, con instalaci\u00f3n adaptable a tuber\u00edas de producci\u00f3n (CSG) de\u00a0<strong>9 5\/8&#8243; y 7&#8243;<\/strong>, lo que lo convierte en una soluci\u00f3n vers\u00e1til para diversos entornos operativos.<\/p><p>Gracias a su dise\u00f1o avanzado, permite la\u00a0<strong>inyecci\u00f3n simult\u00e1nea de dos qu\u00edmicos<\/strong>\u00a0mediante puertos independientes, optimizando el tratamiento en fondo de pozo.<\/p><p>Nuestros clientes han logrado\u00a0<strong>extender la vida \u00fatil de sus equipos de 6 meses hasta 3 a\u00f1os<\/strong>, incluso en pozos con alta producci\u00f3n de arena.<br \/>Adem\u00e1s, como empresa especializada en dise\u00f1o de equipos,\u00a0<strong>adaptamos cada soluci\u00f3n a las necesidades espec\u00edficas de nuestros clientes<\/strong>, garantizando un trabajo personalizado y 100% confiable.<\/p>\t\t\t\t\t\t\t\t<\/div>\n\t\t\t\t<\/div>\n\t\t\t\t\t<\/div>\n\t\t<\/div>\n\t\t\t\t\t<\/div>\n\t\t<\/section>\n\t\t\t\t<section class=\"elementor-section elementor-top-section elementor-element elementor-element-106a335 elementor-section-boxed elementor-section-height-default elementor-section-height-default\" data-id=\"106a335\" data-element_type=\"section\" data-e-type=\"section\">\n\t\t\t\t\t\t<div class=\"elementor-container elementor-column-gap-default\">\n\t\t\t\t\t<div class=\"elementor-column elementor-col-100 elementor-top-column elementor-element elementor-element-9bd7b06 elementor-invisible\" data-id=\"9bd7b06\" data-element_type=\"column\" data-e-type=\"column\" data-settings=\"{&quot;animation&quot;:&quot;fadeInLeft&quot;}\">\n\t\t\t<div class=\"elementor-widget-wrap elementor-element-populated\">\n\t\t\t\t\t\t<div class=\"elementor-element elementor-element-bdbdee8 elementor-widget__width-initial elementor-widget elementor-widget-image\" data-id=\"bdbdee8\" data-element_type=\"widget\" data-e-type=\"widget\" data-widget_type=\"image.default\">\n\t\t\t\t<div class=\"elementor-widget-container\">\n\t\t\t\t\t\t\t\t\t\t\t\t<figure class=\"wp-caption\">\n\t\t\t\t\t\t\t\t\t\t<img fetchpriority=\"high\" decoding=\"async\" width=\"225\" height=\"300\" src=\"https:\/\/www.tds.com.ec\/wp-content\/uploads\/2024\/05\/ARENA-EQUIPO-BES-225x300.jpg\" class=\"attachment-medium size-medium wp-image-1624\" alt=\"Que no te suceda esto\" srcset=\"https:\/\/www.tds.com.ec\/wp-content\/uploads\/2024\/05\/ARENA-EQUIPO-BES-225x300.jpg 225w, https:\/\/www.tds.com.ec\/wp-content\/uploads\/2024\/05\/ARENA-EQUIPO-BES-768x1024.jpg 768w, https:\/\/www.tds.com.ec\/wp-content\/uploads\/2024\/05\/ARENA-EQUIPO-BES-1152x1536.jpg 1152w, https:\/\/www.tds.com.ec\/wp-content\/uploads\/2024\/05\/ARENA-EQUIPO-BES.jpg 1200w\" sizes=\"100vw\" \/>\t\t\t\t\t\t\t\t\t\t\t<figcaption class=\"widget-image-caption wp-caption-text\">Pulling de pozo productor de arena, el mismo no tenia instalado hidrociclo\u00f3n<\/figcaption>\n\t\t\t\t\t\t\t\t\t\t<\/figure>\n\t\t\t\t\t\t\t\t\t<\/div>\n\t\t\t\t<\/div>\n\t\t\t\t<div class=\"elementor-element elementor-element-0b41301 elementor-widget__width-initial elementor-widget elementor-widget-image\" data-id=\"0b41301\" data-element_type=\"widget\" data-e-type=\"widget\" data-widget_type=\"image.default\">\n\t\t\t\t<div class=\"elementor-widget-container\">\n\t\t\t\t\t\t\t\t\t\t\t\t<figure class=\"wp-caption\">\n\t\t\t\t\t\t\t\t\t\t<img decoding=\"async\" width=\"225\" height=\"300\" src=\"https:\/\/www.tds.com.ec\/wp-content\/uploads\/2024\/04\/Imagen-de-WhatsApp-2024-03-06-a-las-22.12.47_f7cfbe56-225x300.jpg\" class=\"attachment-medium size-medium wp-image-1574\" alt=\"\" srcset=\"https:\/\/www.tds.com.ec\/wp-content\/uploads\/2024\/04\/Imagen-de-WhatsApp-2024-03-06-a-las-22.12.47_f7cfbe56-225x300.jpg 225w, https:\/\/www.tds.com.ec\/wp-content\/uploads\/2024\/04\/Imagen-de-WhatsApp-2024-03-06-a-las-22.12.47_f7cfbe56-768x1024.jpg 768w, https:\/\/www.tds.com.ec\/wp-content\/uploads\/2024\/04\/Imagen-de-WhatsApp-2024-03-06-a-las-22.12.47_f7cfbe56.jpg 780w\" sizes=\"100vw\" \/>\t\t\t\t\t\t\t\t\t\t\t<figcaption class=\"widget-image-caption wp-caption-text\">Instalaci\u00f3n de Hidrocicl\u00f3n TDS<\/figcaption>\n\t\t\t\t\t\t\t\t\t\t<\/figure>\n\t\t\t\t\t\t\t\t\t<\/div>\n\t\t\t\t<\/div>\n\t\t\t\t<div class=\"elementor-element elementor-element-2f0967a elementor-widget__width-initial elementor-widget elementor-widget-image\" data-id=\"2f0967a\" data-element_type=\"widget\" data-e-type=\"widget\" data-widget_type=\"image.default\">\n\t\t\t\t<div class=\"elementor-widget-container\">\n\t\t\t\t\t\t\t\t\t\t\t\t<figure class=\"wp-caption\">\n\t\t\t\t\t\t\t\t\t\t<img decoding=\"async\" src=\"https:\/\/www.tds.com.ec\/wp-content\/uploads\/elementor\/thumbs\/IMG-20240522-WA0029-r7w5o0su17aq66wl3d11ojy9dl0y0lo66ft0jus774.jpg\" title=\"IMG-20240522-WA0029\" alt=\"IMG-20240522-WA0029\" loading=\"lazy\" \/>\t\t\t\t\t\t\t\t\t\t\t<figcaption class=\"widget-image-caption wp-caption-text\">Pulling de equipo luego de 1 a\u00f1o de funcionamiento, descarga del equipo ESP totalmente limpio,giro del eje 100% libre <\/figcaption>\n\t\t\t\t\t\t\t\t\t\t<\/figure>\n\t\t\t\t\t\t\t\t\t<\/div>\n\t\t\t\t<\/div>\n\t\t\t\t<div class=\"elementor-element elementor-element-0054bfe elementor-align-center elementor-widget elementor-widget-button\" data-id=\"0054bfe\" data-element_type=\"widget\" data-e-type=\"widget\" data-widget_type=\"button.default\">\n\t\t\t\t<div class=\"elementor-widget-container\">\n\t\t\t\t\t\t\t\t\t<div class=\"elementor-button-wrapper\">\n\t\t\t\t\t<a class=\"elementor-button elementor-button-link elementor-size-sm\" href=\"https:\/\/www.tds.com.ec\/index.php\/formulario-pedido-informacion-hydrocyclone\/\">\n\t\t\t\t\t\t<span class=\"elementor-button-content-wrapper\">\n\t\t\t\t\t\t\t\t\t<span class=\"elementor-button-text\">Solicita la hoja t\u00e9cnica<\/span>\n\t\t\t\t\t<\/span>\n\t\t\t\t\t<\/a>\n\t\t\t\t<\/div>\n\t\t\t\t\t\t\t\t<\/div>\n\t\t\t\t<\/div>\n\t\t\t\t\t<\/div>\n\t\t<\/div>\n\t\t\t\t\t<\/div>\n\t\t<\/section>\n\t\t\t\t<section class=\"elementor-section elementor-top-section elementor-element elementor-element-5427765 elementor-section-boxed elementor-section-height-default elementor-section-height-default\" data-id=\"5427765\" data-element_type=\"section\" data-e-type=\"section\">\n\t\t\t\t\t\t<div class=\"elementor-container elementor-column-gap-default\">\n\t\t\t\t\t<div class=\"elementor-column elementor-col-100 elementor-top-column elementor-element elementor-element-6dc2594\" data-id=\"6dc2594\" data-element_type=\"column\" data-e-type=\"column\">\n\t\t\t<div class=\"elementor-widget-wrap elementor-element-populated\">\n\t\t\t\t\t\t<div class=\"elementor-element elementor-element-1f51f06 elementor-widget elementor-widget-image\" data-id=\"1f51f06\" data-element_type=\"widget\" data-e-type=\"widget\" data-widget_type=\"image.default\">\n\t\t\t\t<div class=\"elementor-widget-container\">\n\t\t\t\t\t\t\t\t\t\t\t\t<figure class=\"wp-caption\">\n\t\t\t\t\t\t\t\t\t\t<img decoding=\"async\" width=\"222\" height=\"463\" src=\"https:\/\/www.tds.com.ec\/wp-content\/uploads\/2025\/09\/run-life.png\" class=\"attachment-large size-large wp-image-1769\" alt=\"\" srcset=\"https:\/\/www.tds.com.ec\/wp-content\/uploads\/2025\/09\/run-life.png 222w, https:\/\/www.tds.com.ec\/wp-content\/uploads\/2025\/09\/run-life-144x300.png 144w\" sizes=\"100vw\" \/>\t\t\t\t\t\t\t\t\t\t\t<figcaption class=\"widget-image-caption wp-caption-text\"><\/figcaption>\n\t\t\t\t\t\t\t\t\t\t<\/figure>\n\t\t\t\t\t\t\t\t\t<\/div>\n\t\t\t\t<\/div>\n\t\t\t\t\t<\/div>\n\t\t<\/div>\n\t\t\t\t\t<\/div>\n\t\t<\/section>\n\t\t\t\t<\/div>\n\t\t","protected":false},"excerpt":{"rendered":"<p>Separaci\u00f3n eficiente, mayor rendimiento. Nuestro equipo de separaci\u00f3n utiliza fuerza centr\u00edfuga para remover eficazmente la arena de formaci\u00f3n del fluido producido, protegiendo los sistemas de levantamiento artificial y mejorando su desempe\u00f1o. El\u00a0Hidrocicl\u00f3n de alta eficiencia\u00a0est\u00e1 dise\u00f1ado para operar en distintos rangos, con instalaci\u00f3n adaptable a tuber\u00edas de producci\u00f3n (CSG) de\u00a09 5\/8&#8243; y 7&#8243;, lo que &hellip; <\/p>\n<p class=\"link-more\"><a href=\"https:\/\/www.tds.com.ec\/index.php\/home3\/hydrocyclone-tds\/\" class=\"more-link\">Continuar leyendo<span class=\"screen-reader-text\"> \u00abHidrocicl\u00f3n TDS\u00bb<\/span><\/a><\/p>\n","protected":false},"author":2,"featured_media":0,"parent":89,"menu_order":0,"comment_status":"closed","ping_status":"closed","template":"elementor_header_footer","meta":{"footnotes":""},"class_list":["post-1340","page","type-page","status-publish","hentry"],"_links":{"self":[{"href":"https:\/\/www.tds.com.ec\/index.php\/wp-json\/wp\/v2\/pages\/1340","targetHints":{"allow":["GET"]}}],"collection":[{"href":"https:\/\/www.tds.com.ec\/index.php\/wp-json\/wp\/v2\/pages"}],"about":[{"href":"https:\/\/www.tds.com.ec\/index.php\/wp-json\/wp\/v2\/types\/page"}],"author":[{"embeddable":true,"href":"https:\/\/www.tds.com.ec\/index.php\/wp-json\/wp\/v2\/users\/2"}],"replies":[{"embeddable":true,"href":"https:\/\/www.tds.com.ec\/index.php\/wp-json\/wp\/v2\/comments?post=1340"}],"version-history":[{"count":41,"href":"https:\/\/www.tds.com.ec\/index.php\/wp-json\/wp\/v2\/pages\/1340\/revisions"}],"predecessor-version":[{"id":1778,"href":"https:\/\/www.tds.com.ec\/index.php\/wp-json\/wp\/v2\/pages\/1340\/revisions\/1778"}],"up":[{"embeddable":true,"href":"https:\/\/www.tds.com.ec\/index.php\/wp-json\/wp\/v2\/pages\/89"}],"wp:attachment":[{"href":"https:\/\/www.tds.com.ec\/index.php\/wp-json\/wp\/v2\/media?parent=1340"}],"curies":[{"name":"wp","href":"https:\/\/api.w.org\/{rel}","templated":true}]}}