{"id":1133,"date":"2022-06-03T10:19:10","date_gmt":"2022-06-03T15:19:10","guid":{"rendered":"https:\/\/www.tds.com.ec\/?page_id=1133"},"modified":"2025-09-03T11:08:35","modified_gmt":"2025-09-03T16:08:35","slug":"mandril-de-inyeccion-tds-02","status":"publish","type":"page","link":"https:\/\/www.tds.com.ec\/index.php\/mandril-de-inyeccion-tds-02\/","title":{"rendered":"Mandril de inyecci\u00f3n TDS-02"},"content":{"rendered":"\t\t<div data-elementor-type=\"wp-page\" data-elementor-id=\"1133\" class=\"elementor elementor-1133\">\n\t\t\t\t\t\t<section class=\"elementor-section elementor-top-section elementor-element elementor-element-56eaac3 elementor-section-boxed elementor-section-height-default elementor-section-height-default\" data-id=\"56eaac3\" data-element_type=\"section\" data-e-type=\"section\">\n\t\t\t\t\t\t<div class=\"elementor-container elementor-column-gap-default\">\n\t\t\t\t\t<div class=\"elementor-column elementor-col-100 elementor-top-column elementor-element elementor-element-bbc8acf\" data-id=\"bbc8acf\" data-element_type=\"column\" data-e-type=\"column\">\n\t\t\t<div class=\"elementor-widget-wrap elementor-element-populated\">\n\t\t\t\t\t\t<div class=\"elementor-element elementor-element-f387181 elementor-widget-divider--view-line elementor-widget elementor-widget-divider\" data-id=\"f387181\" data-element_type=\"widget\" data-e-type=\"widget\" data-widget_type=\"divider.default\">\n\t\t\t\t<div class=\"elementor-widget-container\">\n\t\t\t\t\t\t\t<div class=\"elementor-divider\">\n\t\t\t<span class=\"elementor-divider-separator\">\n\t\t\t\t\t\t<\/span>\n\t\t<\/div>\n\t\t\t\t\t\t<\/div>\n\t\t\t\t<\/div>\n\t\t\t\t\t<\/div>\n\t\t<\/div>\n\t\t\t\t\t<\/div>\n\t\t<\/section>\n\t\t\t\t<section class=\"elementor-section elementor-top-section elementor-element elementor-element-c303aed elementor-section-boxed elementor-section-height-default elementor-section-height-default\" data-id=\"c303aed\" data-element_type=\"section\" data-e-type=\"section\">\n\t\t\t\t\t\t<div class=\"elementor-container elementor-column-gap-default\">\n\t\t\t\t\t<div class=\"elementor-column elementor-col-100 elementor-top-column elementor-element elementor-element-b6118d9\" data-id=\"b6118d9\" data-element_type=\"column\" data-e-type=\"column\">\n\t\t\t<div class=\"elementor-widget-wrap elementor-element-populated\">\n\t\t\t\t\t\t<div class=\"elementor-element elementor-element-68285d7 elementor-widget elementor-widget-heading\" data-id=\"68285d7\" data-element_type=\"widget\" data-e-type=\"widget\" data-widget_type=\"heading.default\">\n\t\t\t\t<div class=\"elementor-widget-container\">\n\t\t\t\t\t<h2 class=\"elementor-heading-title elementor-size-default\">Mandril de inyecci\u00f3n TDS-02<\/h2>\t\t\t\t<\/div>\n\t\t\t\t<\/div>\n\t\t\t\t\t<\/div>\n\t\t<\/div>\n\t\t\t\t\t<\/div>\n\t\t<\/section>\n\t\t\t\t<section class=\"elementor-section elementor-top-section elementor-element elementor-element-e3f919d elementor-section-boxed elementor-section-height-default elementor-section-height-default\" data-id=\"e3f919d\" data-element_type=\"section\" data-e-type=\"section\">\n\t\t\t\t\t\t<div class=\"elementor-container elementor-column-gap-default\">\n\t\t\t\t\t<div class=\"elementor-column elementor-col-50 elementor-top-column elementor-element elementor-element-7380c7f\" data-id=\"7380c7f\" data-element_type=\"column\" data-e-type=\"column\">\n\t\t\t<div class=\"elementor-widget-wrap elementor-element-populated\">\n\t\t\t\t\t\t<div class=\"elementor-element elementor-element-a6c8908 elementor-invisible elementor-widget elementor-widget-text-editor\" data-id=\"a6c8908\" data-element_type=\"widget\" data-e-type=\"widget\" data-settings=\"{&quot;_animation&quot;:&quot;fadeInDown&quot;}\" data-widget_type=\"text-editor.default\">\n\t\t\t\t<div class=\"elementor-widget-container\">\n\t\t\t\t\t\t\t\t\t<p><strong>Mandril Inyector \u2013 Dispersi\u00f3n uniforme, resultados superiores<\/strong><br \/>Nuestro sistema patentado de inyecci\u00f3n de qu\u00edmicos est\u00e1 dise\u00f1ado para distribuir fluidos de forma homog\u00e9nea a lo largo de la tuber\u00eda de producci\u00f3n, incluso en condiciones de alta viscosidad. Esta tecnolog\u00eda permite tratamientos m\u00e1s efectivos, prolongando la vida \u00fatil de los equipos de fondo de pozo y optimizando la producci\u00f3n.<\/p><hr \/><h3>\ud83d\udd27\u00a0<strong>Beneficios clave:<\/strong><\/h3><ul><li><strong>Puerto seguro para capilar<\/strong>, evita el ingreso de fluido de producci\u00f3n<\/li><li><strong>Instalaci\u00f3n flexible<\/strong>\u00a0a cualquier profundidad en la tuber\u00eda de producci\u00f3n<\/li><li>Fabricado en\u00a0<strong>acero inoxidable AISI 304 o AISI 4140<\/strong>, resistente y duradero<\/li><li>Compatible con\u00a0<strong>una o dos l\u00edneas de inyecci\u00f3n<\/strong>\u00a0si los qu\u00edmicos son compatibles<\/li><li><strong>Ocho inyectores internos distribuidos en 360\u00b0<\/strong>, en dos niveles y orientados al flujo<\/li><li><strong>Di\u00e1metro interno similar al de la tuber\u00eda<\/strong>, sin afectar el flujo<\/li><li>Conexiones para capilar de\u00a0<strong>3\/8\u201d o \u00bc\u201d<\/strong>, seg\u00fan requerimiento<\/li><\/ul>\t\t\t\t\t\t\t\t<\/div>\n\t\t\t\t<\/div>\n\t\t\t\t\t<\/div>\n\t\t<\/div>\n\t\t\t\t<div class=\"elementor-column elementor-col-50 elementor-top-column elementor-element elementor-element-0bce273\" data-id=\"0bce273\" data-element_type=\"column\" data-e-type=\"column\">\n\t\t\t<div class=\"elementor-widget-wrap elementor-element-populated\">\n\t\t\t\t\t\t<div class=\"elementor-element elementor-element-604bcb2 elementor-widget elementor-widget-video\" data-id=\"604bcb2\" data-element_type=\"widget\" data-e-type=\"widget\" data-settings=\"{&quot;autoplay&quot;:&quot;yes&quot;,&quot;play_on_mobile&quot;:&quot;yes&quot;,&quot;loop&quot;:&quot;yes&quot;,&quot;video_type&quot;:&quot;hosted&quot;,&quot;start&quot;:1,&quot;end&quot;:100,&quot;mute&quot;:&quot;yes&quot;,&quot;controls&quot;:&quot;yes&quot;}\" data-widget_type=\"video.default\">\n\t\t\t\t<div class=\"elementor-widget-container\">\n\t\t\t\t\t\t\t<div class=\"e-hosted-video elementor-wrapper elementor-open-inline\">\n\t\t\t\t\t<video class=\"elementor-video\" src=\"https:\/\/www.tds.com.ec\/wp-content\/uploads\/2022\/06\/VID-20210818-WA0076.mp4#t=1,100\" autoplay=\"\" loop=\"\" controls=\"\" muted=\"muted\" playsinline=\"\" controlsList=\"nodownload\"><\/video>\n\t\t\t\t<\/div>\n\t\t\t\t\t\t<\/div>\n\t\t\t\t<\/div>\n\t\t\t\t\t<\/div>\n\t\t<\/div>\n\t\t\t\t\t<\/div>\n\t\t<\/section>\n\t\t\t\t<section class=\"elementor-section elementor-top-section elementor-element elementor-element-7017f6e elementor-section-boxed elementor-section-height-default elementor-section-height-default\" data-id=\"7017f6e\" data-element_type=\"section\" data-e-type=\"section\">\n\t\t\t\t\t\t<div class=\"elementor-container elementor-column-gap-default\">\n\t\t\t\t\t<div class=\"elementor-column elementor-col-100 elementor-top-column elementor-element elementor-element-c3bedea\" data-id=\"c3bedea\" data-element_type=\"column\" data-e-type=\"column\">\n\t\t\t<div class=\"elementor-widget-wrap elementor-element-populated\">\n\t\t\t\t\t\t<div class=\"elementor-element elementor-element-65c91b0 elementor-align-center elementor-widget elementor-widget-button\" data-id=\"65c91b0\" data-element_type=\"widget\" data-e-type=\"widget\" data-widget_type=\"button.default\">\n\t\t\t\t<div class=\"elementor-widget-container\">\n\t\t\t\t\t\t\t\t\t<div class=\"elementor-button-wrapper\">\n\t\t\t\t\t<a class=\"elementor-button elementor-button-link elementor-size-sm\" href=\"https:\/\/www.tds.com.ec\/index.php\/formulario-solicitud-hoja-tecnica-tds-02\/\">\n\t\t\t\t\t\t<span class=\"elementor-button-content-wrapper\">\n\t\t\t\t\t\t\t\t\t<span class=\"elementor-button-text\">Solicita la hoja t\u00e9cnica<\/span>\n\t\t\t\t\t<\/span>\n\t\t\t\t\t<\/a>\n\t\t\t\t<\/div>\n\t\t\t\t\t\t\t\t<\/div>\n\t\t\t\t<\/div>\n\t\t\t\t\t<\/div>\n\t\t<\/div>\n\t\t\t\t\t<\/div>\n\t\t<\/section>\n\t\t\t\t<\/div>\n\t\t","protected":false},"excerpt":{"rendered":"<p>Mandril de inyecci\u00f3n TDS-02 Mandril Inyector \u2013 Dispersi\u00f3n uniforme, resultados superioresNuestro sistema patentado de inyecci\u00f3n de qu\u00edmicos est\u00e1 dise\u00f1ado para distribuir fluidos de forma homog\u00e9nea a lo largo de la tuber\u00eda de producci\u00f3n, incluso en condiciones de alta viscosidad. Esta tecnolog\u00eda permite tratamientos m\u00e1s efectivos, prolongando la vida \u00fatil de los equipos de fondo de &hellip; <\/p>\n<p class=\"link-more\"><a href=\"https:\/\/www.tds.com.ec\/index.php\/mandril-de-inyeccion-tds-02\/\" class=\"more-link\">Continuar leyendo<span class=\"screen-reader-text\"> \u00abMandril de inyecci\u00f3n TDS-02\u00bb<\/span><\/a><\/p>\n","protected":false},"author":2,"featured_media":0,"parent":0,"menu_order":0,"comment_status":"closed","ping_status":"closed","template":"elementor_header_footer","meta":{"footnotes":""},"class_list":["post-1133","page","type-page","status-publish","hentry"],"_links":{"self":[{"href":"https:\/\/www.tds.com.ec\/index.php\/wp-json\/wp\/v2\/pages\/1133","targetHints":{"allow":["GET"]}}],"collection":[{"href":"https:\/\/www.tds.com.ec\/index.php\/wp-json\/wp\/v2\/pages"}],"about":[{"href":"https:\/\/www.tds.com.ec\/index.php\/wp-json\/wp\/v2\/types\/page"}],"author":[{"embeddable":true,"href":"https:\/\/www.tds.com.ec\/index.php\/wp-json\/wp\/v2\/users\/2"}],"replies":[{"embeddable":true,"href":"https:\/\/www.tds.com.ec\/index.php\/wp-json\/wp\/v2\/comments?post=1133"}],"version-history":[{"count":49,"href":"https:\/\/www.tds.com.ec\/index.php\/wp-json\/wp\/v2\/pages\/1133\/revisions"}],"predecessor-version":[{"id":1790,"href":"https:\/\/www.tds.com.ec\/index.php\/wp-json\/wp\/v2\/pages\/1133\/revisions\/1790"}],"wp:attachment":[{"href":"https:\/\/www.tds.com.ec\/index.php\/wp-json\/wp\/v2\/media?parent=1133"}],"curies":[{"name":"wp","href":"https:\/\/api.w.org\/{rel}","templated":true}]}}