{"id":1057,"date":"2022-06-03T08:46:05","date_gmt":"2022-06-03T13:46:05","guid":{"rendered":"https:\/\/www.tds.com.ec\/?page_id=1057"},"modified":"2025-09-03T10:58:18","modified_gmt":"2025-09-03T15:58:18","slug":"mandril-de-inyeccion-tds-01","status":"publish","type":"page","link":"https:\/\/www.tds.com.ec\/index.php\/mandril-de-inyeccion-tds-01\/","title":{"rendered":"Mandril de inyecci\u00f3n TDS-01"},"content":{"rendered":"\t\t<div data-elementor-type=\"wp-page\" data-elementor-id=\"1057\" class=\"elementor elementor-1057\">\n\t\t\t\t\t\t<section class=\"elementor-section elementor-top-section elementor-element elementor-element-afb3f9d elementor-section-boxed elementor-section-height-default elementor-section-height-default\" data-id=\"afb3f9d\" data-element_type=\"section\" data-e-type=\"section\">\n\t\t\t\t\t\t<div class=\"elementor-container elementor-column-gap-default\">\n\t\t\t\t\t<div class=\"elementor-column elementor-col-100 elementor-top-column elementor-element elementor-element-649ae1b\" data-id=\"649ae1b\" data-element_type=\"column\" data-e-type=\"column\">\n\t\t\t<div class=\"elementor-widget-wrap elementor-element-populated\">\n\t\t\t\t\t\t<div class=\"elementor-element elementor-element-9f8cb8a elementor-widget-divider--view-line elementor-widget elementor-widget-divider\" data-id=\"9f8cb8a\" data-element_type=\"widget\" data-e-type=\"widget\" data-widget_type=\"divider.default\">\n\t\t\t\t<div class=\"elementor-widget-container\">\n\t\t\t\t\t\t\t<div class=\"elementor-divider\">\n\t\t\t<span class=\"elementor-divider-separator\">\n\t\t\t\t\t\t<\/span>\n\t\t<\/div>\n\t\t\t\t\t\t<\/div>\n\t\t\t\t<\/div>\n\t\t\t\t<div class=\"elementor-element elementor-element-4e8f548 elementor-widget elementor-widget-heading\" data-id=\"4e8f548\" data-element_type=\"widget\" data-e-type=\"widget\" data-widget_type=\"heading.default\">\n\t\t\t\t<div class=\"elementor-widget-container\">\n\t\t\t\t\t<h2 class=\"elementor-heading-title elementor-size-default\">Mandril de inyecci\u00f3n TDS-01<\/h2>\t\t\t\t<\/div>\n\t\t\t\t<\/div>\n\t\t\t\t\t<\/div>\n\t\t<\/div>\n\t\t\t\t\t<\/div>\n\t\t<\/section>\n\t\t\t\t<section class=\"elementor-section elementor-top-section elementor-element elementor-element-6d74b86 elementor-section-boxed elementor-section-height-default elementor-section-height-default\" data-id=\"6d74b86\" data-element_type=\"section\" data-e-type=\"section\">\n\t\t\t\t\t\t<div class=\"elementor-container elementor-column-gap-default\">\n\t\t\t\t\t<div class=\"elementor-column elementor-col-50 elementor-top-column elementor-element elementor-element-b5f0d04\" data-id=\"b5f0d04\" data-element_type=\"column\" data-e-type=\"column\">\n\t\t\t<div class=\"elementor-widget-wrap elementor-element-populated\">\n\t\t\t\t\t\t<div class=\"elementor-element elementor-element-edf8e9e animated-slow elementor-invisible elementor-widget elementor-widget-text-editor\" data-id=\"edf8e9e\" data-element_type=\"widget\" data-e-type=\"widget\" data-settings=\"{&quot;_animation&quot;:&quot;fadeIn&quot;}\" data-widget_type=\"text-editor.default\">\n\t\t\t\t<div class=\"elementor-widget-container\">\n\t\t\t\t\t\t\t\t\t<p style=\"text-align: left;\"><span style=\"font-size: 1rem;\"><strong>Mandril Inyector Patentado \u2013 Tecnolog\u00eda que potencia tu producci\u00f3n<\/strong><br \/>Dise\u00f1ado para la inyecci\u00f3n de fluidos en fondo de pozo, nuestro Mandril Inyector optimiza la producci\u00f3n y extiende la vida \u00fatil de los equipos de extracci\u00f3n, especialmente en sistemas ESP. Su dise\u00f1o robusto y funcional lo convierte en una soluci\u00f3n confiable y adaptable para operaciones exigentes.<\/span><\/p><h3>\ud83d\udd27\u00a0<strong>Beneficios clave:<\/strong><\/h3><ul><li><strong>Mayor vida \u00fatil de los equipos ESP<\/strong><\/li><li><strong>Prevenci\u00f3n de taponamientos<\/strong>\u00a0en capilares por fluidos de formaci\u00f3n<\/li><li><strong>Inyecci\u00f3n uniforme en 360\u00b0<\/strong>, asegurando cobertura total<\/li><li>Fabricado en\u00a0<strong>acero inoxidable AISI 304<\/strong>, resistente al H\u2082S y conforme a\u00a0<strong>NACE MR0175<\/strong><\/li><li>Disponible en di\u00e1metros exteriores:\u00a0<strong>4.50\u201d, 4.56\u201d, 5.38\u201d y 6.00\u201d<\/strong><\/li><li><strong>Mejora la centralizaci\u00f3n<\/strong>\u00a0y reduce vibraciones en equipos ESP<\/li><li>Inyectores orientados en el\u00a0<strong>sentido del flujo de producci\u00f3n<\/strong><\/li><li>Instalaci\u00f3n posible\u00a0<strong>frente a la cara de los punzados<\/strong><\/li><li><strong>Inyecci\u00f3n simult\u00e1nea de dos fluidos compatibles<\/strong><\/li><li><strong>Instalaci\u00f3n en t\u00e1ndem<\/strong>\u00a0gracias a rosca inferior de 2 3\/8\u201d EU<h3>\ud83d\udd04\u00a0<strong>Mejoras recientes:<\/strong><\/h3><p>Por solicitud de nuestros clientes, hemos incorporado un\u00a0<strong>disco de ruptura de 5000 PSI<\/strong>\u00a0como medida de seguridad adicional, en caso de obstrucci\u00f3n de los inyectores.<\/p><\/li><\/ul>\t\t\t\t\t\t\t\t<\/div>\n\t\t\t\t<\/div>\n\t\t\t\t\t<\/div>\n\t\t<\/div>\n\t\t\t\t<div class=\"elementor-column elementor-col-50 elementor-top-column elementor-element elementor-element-d877b40\" data-id=\"d877b40\" data-element_type=\"column\" data-e-type=\"column\">\n\t\t\t<div class=\"elementor-widget-wrap elementor-element-populated\">\n\t\t\t\t\t\t<div class=\"elementor-element elementor-element-b486387 elementor-invisible elementor-widget elementor-widget-image\" data-id=\"b486387\" data-element_type=\"widget\" data-e-type=\"widget\" data-settings=\"{&quot;_animation&quot;:&quot;zoomIn&quot;}\" data-widget_type=\"image.default\">\n\t\t\t\t<div class=\"elementor-widget-container\">\n\t\t\t\t\t\t\t\t\t\t\t\t<figure class=\"wp-caption\">\n\t\t\t\t\t\t\t\t\t\t<img fetchpriority=\"high\" decoding=\"async\" width=\"525\" height=\"700\" src=\"https:\/\/www.tds.com.ec\/wp-content\/uploads\/2022\/05\/IMG-20220419-WA0042-768x1024.jpg\" class=\"attachment-large size-large wp-image-120\" alt=\"Instalaci\u00f3n mandriles TDS-01\" srcset=\"https:\/\/www.tds.com.ec\/wp-content\/uploads\/2022\/05\/IMG-20220419-WA0042-768x1024.jpg 768w, https:\/\/www.tds.com.ec\/wp-content\/uploads\/2022\/05\/IMG-20220419-WA0042-225x300.jpg 225w, https:\/\/www.tds.com.ec\/wp-content\/uploads\/2022\/05\/IMG-20220419-WA0042-1152x1536.jpg 1152w, https:\/\/www.tds.com.ec\/wp-content\/uploads\/2022\/05\/IMG-20220419-WA0042.jpg 1200w\" sizes=\"100vw\" \/>\t\t\t\t\t\t\t\t\t\t\t<figcaption class=\"widget-image-caption wp-caption-text\">Instalaci\u00f3n de mandril de fondo TDS-01 en t\u00e1ndem para crudos pesados<\/figcaption>\n\t\t\t\t\t\t\t\t\t\t<\/figure>\n\t\t\t\t\t\t\t\t\t<\/div>\n\t\t\t\t<\/div>\n\t\t\t\t\t<\/div>\n\t\t<\/div>\n\t\t\t\t\t<\/div>\n\t\t<\/section>\n\t\t\t\t<section class=\"elementor-section elementor-top-section elementor-element elementor-element-8c22d3d elementor-section-boxed elementor-section-height-default elementor-section-height-default\" data-id=\"8c22d3d\" data-element_type=\"section\" data-e-type=\"section\">\n\t\t\t\t\t\t<div class=\"elementor-container elementor-column-gap-default\">\n\t\t\t\t\t<div class=\"elementor-column elementor-col-100 elementor-top-column elementor-element elementor-element-a69c414\" data-id=\"a69c414\" data-element_type=\"column\" data-e-type=\"column\">\n\t\t\t<div class=\"elementor-widget-wrap elementor-element-populated\">\n\t\t\t\t\t\t<div class=\"elementor-element elementor-element-3641703 elementor-align-center elementor-widget elementor-widget-button\" data-id=\"3641703\" data-element_type=\"widget\" data-e-type=\"widget\" data-widget_type=\"button.default\">\n\t\t\t\t<div class=\"elementor-widget-container\">\n\t\t\t\t\t\t\t\t\t<div class=\"elementor-button-wrapper\">\n\t\t\t\t\t<a class=\"elementor-button elementor-button-link elementor-size-sm\" href=\"https:\/\/www.tds.com.ec\/index.php\/formulario-solicitud-hoja-tecnica-tds-01\/\">\n\t\t\t\t\t\t<span class=\"elementor-button-content-wrapper\">\n\t\t\t\t\t\t\t\t\t<span class=\"elementor-button-text\">Solicita la hoja t\u00e9cnica<\/span>\n\t\t\t\t\t<\/span>\n\t\t\t\t\t<\/a>\n\t\t\t\t<\/div>\n\t\t\t\t\t\t\t\t<\/div>\n\t\t\t\t<\/div>\n\t\t\t\t\t<\/div>\n\t\t<\/div>\n\t\t\t\t\t<\/div>\n\t\t<\/section>\n\t\t\t\t<\/div>\n\t\t","protected":false},"excerpt":{"rendered":"<p>Mandril de inyecci\u00f3n TDS-01 Mandril Inyector Patentado \u2013 Tecnolog\u00eda que potencia tu producci\u00f3nDise\u00f1ado para la inyecci\u00f3n de fluidos en fondo de pozo, nuestro Mandril Inyector optimiza la producci\u00f3n y extiende la vida \u00fatil de los equipos de extracci\u00f3n, especialmente en sistemas ESP. Su dise\u00f1o robusto y funcional lo convierte en una soluci\u00f3n confiable y adaptable &hellip; <\/p>\n<p class=\"link-more\"><a href=\"https:\/\/www.tds.com.ec\/index.php\/mandril-de-inyeccion-tds-01\/\" class=\"more-link\">Continuar leyendo<span class=\"screen-reader-text\"> \u00abMandril de inyecci\u00f3n TDS-01\u00bb<\/span><\/a><\/p>\n","protected":false},"author":2,"featured_media":0,"parent":0,"menu_order":0,"comment_status":"closed","ping_status":"closed","template":"elementor_header_footer","meta":{"footnotes":""},"class_list":["post-1057","page","type-page","status-publish","hentry"],"_links":{"self":[{"href":"https:\/\/www.tds.com.ec\/index.php\/wp-json\/wp\/v2\/pages\/1057","targetHints":{"allow":["GET"]}}],"collection":[{"href":"https:\/\/www.tds.com.ec\/index.php\/wp-json\/wp\/v2\/pages"}],"about":[{"href":"https:\/\/www.tds.com.ec\/index.php\/wp-json\/wp\/v2\/types\/page"}],"author":[{"embeddable":true,"href":"https:\/\/www.tds.com.ec\/index.php\/wp-json\/wp\/v2\/users\/2"}],"replies":[{"embeddable":true,"href":"https:\/\/www.tds.com.ec\/index.php\/wp-json\/wp\/v2\/comments?post=1057"}],"version-history":[{"count":40,"href":"https:\/\/www.tds.com.ec\/index.php\/wp-json\/wp\/v2\/pages\/1057\/revisions"}],"predecessor-version":[{"id":1781,"href":"https:\/\/www.tds.com.ec\/index.php\/wp-json\/wp\/v2\/pages\/1057\/revisions\/1781"}],"wp:attachment":[{"href":"https:\/\/www.tds.com.ec\/index.php\/wp-json\/wp\/v2\/media?parent=1057"}],"curies":[{"name":"wp","href":"https:\/\/api.w.org\/{rel}","templated":true}]}}